{"id":100765,"date":"2022-10-06T09:51:15","date_gmt":"2022-10-06T09:51:15","guid":{"rendered":"https:\/\/cafecostume.com\/?page_id=100765"},"modified":"2025-01-28T15:08:17","modified_gmt":"2025-01-28T15:08:17","slug":"tailleur-anvers","status":"publish","type":"page","link":"https:\/\/cafecostume.com\/fr\/tailleur-anvers\/","title":{"rendered":"Tailleur Anvers"},"content":{"rendered":"<div class=\"wpb-content-wrapper\"><div data-parent=\"true\" class=\"vc_row row-container\" id=\"row-unique-0\"><div class=\"row-background background-element\">\n\t\t\t\t\t\t\t\t\t\t\t<div class=\"background-wrapper\">\n\t\t\t\t\t\t\t\t\t\t\t\t<div class=\"background-inner\" style=\"background-image: url(https:\/\/cafecostume.com\/wp-content\/uploads\/2022\/10\/JOB-Tailor-scaled.jpg);background-repeat: no-repeat;background-position: center center;background-attachment: scroll;background-size: cover;\"><\/div>\n\t\t\t\t\t\t\t\t\t\t\t\t<div class=\"block-bg-overlay style-color-jevc-bg\" style=\"opacity: 0.5;\"><\/div>\n\t\t\t\t\t\t\t\t\t\t\t<\/div>\n\t\t\t\t\t\t\t\t\t\t<\/div><div class=\"row limit-width row-parent\" data-height-ratio=\"50\"><div class=\"wpb_row row-inner\"><div class=\"wpb_column pos-middle pos-center align_center column_parent col-lg-12 half-internal-gutter\"><div class=\"uncol style-dark\"  ><div class=\"uncoltable\"><div class=\"uncell no-block-padding\" ><div class=\"uncont\" ><div class=\"vc_row row-internal row-container\"><div class=\"row row-child\"><div class=\"wpb_row row-inner\"><div class=\"wpb_column pos-middle pos-center align_center column_child col-lg-12 one-internal-gutter\"><div class=\"uncol style-dark\" ><div class=\"uncoltable\"><div class=\"uncell no-block-padding\" ><div class=\"uncont\" ><div class=\"empty-space empty-quad desktop-hidden\" ><span class=\"empty-space-inner\"><\/span><\/div>\n<div class=\"vc_custom_heading_wrap\"><div class=\"heading-text el-text\" ><h2 class=\"font-106330 fontsize-155944 font-weight-500 text-uppercase\" ><span>Tailleur<\/span><\/h2><\/div><div class=\"clear\"><\/div><\/div><div class=\"vc_custom_heading_wrap\"><div class=\"heading-text el-text\" ><h2 class=\"font-106330 fontsize-146686 font-weight-500\" ><span>Anvers<\/span><\/h2><\/div><div class=\"clear\"><\/div><\/div><div class=\"empty-space empty-double desktop-hidden\" ><span class=\"empty-space-inner\"><\/span><\/div>\n<\/div><\/div><\/div><\/div><\/div><\/div><\/div><\/div><\/div><\/div><\/div><\/div><\/div><script id=\"script-row-unique-0\" data-row=\"script-row-unique-0\" type=\"text\/javascript\" class=\"vc_controls\">UNCODE.initRow(document.getElementById(\"row-unique-0\"));<\/script><\/div><\/div><\/div><div data-parent=\"true\" class=\"vc_row row-container\" id=\"row-unique-1\"><div class=\"row quad-top-padding quad-bottom-padding single-h-padding limit-width row-parent\"><div class=\"wpb_row row-inner\"><div class=\"wpb_column pos-top pos-center align_center column_parent col-lg-12 single-internal-gutter\"><div class=\"uncol style-light\"  ><div class=\"uncoltable\"><div class=\"uncell\" ><div class=\"uncont no-block-padding col-custom-width\" style=\" max-width:75%;\" ><div class=\"vc_custom_heading_wrap\"><div class=\"heading-text el-text\" ><h2 class=\"font-321633 fontsize-383443 fontheight-524109 font-weight-500 text-color-jevc-color\" ><span>En tant qu'acteur cl\u00e9 du monde du sur-mesure en Belgique, nous ne sommes jamais \u00e0 l'abri d'une opportunit\u00e9. Il est toujours possible de s'am\u00e9liorer, tant dans les services que dans l'artisanat. Vous pourriez \u00eatre cette am\u00e9lioration.<\/p><\/span><span><p>&nbsp;<\/p><\/span><span><p>Le monde s'\u00e9loigne collectivement de la fast fashion, et Caf\u00e9 Costume a traditionnellement offert une alternative plus brillante. Avec le sur-mesure, nous offrons \u00e0 nos clients une option \u00e0 la fois \u00e9l\u00e9gante et plus durable. Une approche personnelle, un produit unique d'une qualit\u00e9 supr\u00eame, tel est notre concept, dont vous pouvez faire partie.<\/span><\/h2><\/div><div class=\"clear\"><\/div><\/div><\/div><\/div><\/div><\/div><\/div><script id=\"script-row-unique-1\" data-row=\"script-row-unique-1\" type=\"text\/javascript\" class=\"vc_controls\">UNCODE.initRow(document.getElementById(\"row-unique-1\"));<\/script><\/div><\/div><\/div><div data-parent=\"true\" class=\"vc_row style-color-lxmt-bg row-container\" id=\"row-unique-2\"><div class=\"row quad-top-padding quad-bottom-padding single-h-padding limit-width row-parent\"><div class=\"wpb_row row-inner\"><div class=\"wpb_column pos-top pos-center align_left column_parent col-lg-12 single-internal-gutter\"><div class=\"uncol style-light\"  ><div class=\"uncoltable\"><div class=\"uncell no-block-padding\" ><div class=\"uncont\" ><div class=\"vc_row row-internal row-container\"><div class=\"row row-child\"><div class=\"wpb_row row-inner\"><div class=\"wpb_column pos-top pos-center align_left column_child col-lg-12 one-internal-gutter\"><div class=\"uncol style-light\" ><div class=\"uncoltable\"><div class=\"uncell no-block-padding\" ><div class=\"uncont\" ><div class=\"vc_custom_heading_wrap\"><div class=\"heading-text el-text\" ><h2 class=\"font-106330 fontsize-174716 font-weight-500 text-color-jevc-color text-uppercase\" ><span>Quel genre de personne \u00eates-vous ?<\/span><\/h2><\/div><div class=\"clear\"><\/div><\/div><div class=\"vc_custom_heading_wrap\"><div class=\"heading-text el-text\" ><h2 class=\"font-321633 fontsize-383443 fontheight-524109 font-weight-500 text-color-jevc-color\" ><span>Vous \u00eates familier avec les motifs, les formes et les textiles. Vous avez l'\u0153il vif et n'\u00eates pas facilement satisfait des r\u00e9sultats s'ils ne sont pas parfaits. Il vous est facile de garder une vision claire des multiples \u00e9tapes de l'avancement d'un travail et vous appr\u00e9ciez la qualit\u00e9 de l'artisanat. Vous \u00eates pragmatique et pouvez vous concerter avec vos coll\u00e8gues pour convenir d'une approche privil\u00e9gi\u00e9e d'un probl\u00e8me. Vous pouvez respecter les d\u00e9lais et assumer la responsabilit\u00e9 du contr\u00f4le de la qualit\u00e9.<\/span><\/h2><\/div><div class=\"clear\"><\/div><\/div><\/div><\/div><\/div><\/div><\/div><\/div><\/div><\/div><div class=\"empty-space empty-single\" ><span class=\"empty-space-inner\"><\/span><\/div>\n<div class=\"vc_row row-internal row-container\"><div class=\"row row-child\"><div class=\"wpb_row row-inner\"><div class=\"wpb_column pos-top pos-center align_left column_child col-lg-12 one-internal-gutter\"><div class=\"uncol style-light\" ><div class=\"uncoltable\"><div class=\"uncell no-block-padding\" ><div class=\"uncont\" ><div class=\"vc_custom_heading_wrap\"><div class=\"heading-text el-text\" ><h2 class=\"font-106330 fontsize-174716 font-weight-500 text-color-jevc-color text-uppercase\" ><span>En quoi consiste le travail ?<\/span><\/h2><\/div><div class=\"clear\"><\/div><\/div><div class=\"vc_custom_heading_wrap\"><div class=\"heading-text el-text\" ><h2 class=\"font-321633 fontsize-383443 fontheight-524109 font-weight-500 text-color-jevc-color\" ><span>-Les alt\u00e9rations et les r\u00e9parations des v\u00eatements Caf\u00e9 Costume sont prises en charge par vous.<\/p><\/span><span><p>-Vous communiquez avec les tailleurs et les responsables de l'atelier sur l'\u00e9volution des articles dont vous avez la charge.<\/p><\/span><span><p>-Les d\u00e9lais d'essayage sont respect\u00e9s par vous et les membres de votre \u00e9quipe, ce qui permet de fournir aux clients le v\u00eatement parfait qu'ils attendent.<\/p><\/span><span><p>-Les garanties de qualit\u00e9 Caf\u00e9 Costume sont maintenues par vous.<\/span><\/h2><\/div><div class=\"clear\"><\/div><\/div><\/div><\/div><\/div><\/div><\/div><\/div><\/div><\/div><div class=\"empty-space empty-single\" ><span class=\"empty-space-inner\"><\/span><\/div>\n<div class=\"vc_row row-internal row-container\"><div class=\"row row-child\"><div class=\"wpb_row row-inner\"><div class=\"wpb_column pos-top pos-center align_left column_child col-lg-12 one-internal-gutter\"><div class=\"uncol style-light\" ><div class=\"uncoltable\"><div class=\"uncell no-block-padding\" ><div class=\"uncont\" ><div class=\"vc_custom_heading_wrap\"><div class=\"heading-text el-text\" ><h2 class=\"font-106330 fontsize-174716 font-weight-500 text-color-jevc-color text-uppercase\" ><span>Que proposons-nous ?<\/span><\/h2><\/div><div class=\"clear\"><\/div><\/div><div class=\"vc_custom_heading_wrap\"><div class=\"heading-text el-text\" ><h2 class=\"font-321633 fontsize-383443 fontheight-524109 font-weight-500 text-color-jevc-color\" ><span>-Un accompagnement initial par des tailleurs exp\u00e9riment\u00e9s et, si n\u00e9cessaire, un cours sur le monde du sur-mesure et des retouches.<\/p><\/span><span><p>-Une r\u00e9mun\u00e9ration comp\u00e9titive dans votre domaine d'activit\u00e9.<\/p><\/span><span><p>-Un espace d'atelier, \u00e9quip\u00e9 du mat\u00e9riel n\u00e9cessaire \u00e0 la r\u00e9alisation de votre projet.<\/p><\/span><span><p>-Un flux de travail organique, une plateforme pour des contributions cr\u00e9atives et pratiques et un ensemble au sein d'une marque belge passionnante et en pleine croissance.<\/span><\/h2><\/div><div class=\"clear\"><\/div><\/div><\/div><\/div><\/div><\/div><\/div><\/div><\/div><\/div><\/div><\/div><\/div><\/div><\/div><script id=\"script-row-unique-2\" data-row=\"script-row-unique-2\" type=\"text\/javascript\" class=\"vc_controls\">UNCODE.initRow(document.getElementById(\"row-unique-2\"));<\/script><\/div><\/div><\/div><div data-parent=\"true\" class=\"vc_row row-container\" id=\"row-unique-3\"><div class=\"row quad-top-padding quad-bottom-padding single-h-padding limit-width row-parent\"><div class=\"wpb_row row-inner\"><div class=\"wpb_column pos-top pos-center align_left column_parent col-lg-12 single-internal-gutter\"><div class=\"uncol style-light\"  ><div class=\"uncoltable\"><div class=\"uncell\" ><div class=\"uncont no-block-padding col-custom-width\" style=\" max-width:65%;\" ><div class=\"vc_row row-internal row-container\"><div class=\"row row-child\"><div class=\"wpb_row row-inner\"><div class=\"wpb_column pos-top pos-center align_center column_child col-lg-12 single-internal-gutter\"><div class=\"uncol style-light\" ><div class=\"uncoltable\"><div class=\"uncell no-block-padding\" ><div class=\"uncont\" ><div class=\"vc_custom_heading_wrap\"><div class=\"heading-text el-text\" ><h2 class=\"font-219164 fontsize-155944 font-weight-500 text-color-jevc-color text-uppercase\" ><span>Postulez ici<\/span><\/h2><\/div><div class=\"clear\"><\/div><\/div><\/div><\/div><\/div><\/div><\/div><\/div><\/div><\/div><div class=\"uncode_text_column\" ><div class=\"forminator-ui forminator-custom-form forminator-custom-form-94621 forminator-design--default forminator-enclosed forminator_ajax\" data-forminator-render=\"0\" data-form=\"forminator-module-94621\" data-uid=\"69dee0e151c59\"><br\/><\/div><form\r\n\t\t\t\tid=\"forminator-module-94621\"\r\n\t\t\t\tclass=\"forminator-ui forminator-custom-form forminator-custom-form-94621 forminator-design--default forminator-enclosed forminator_ajax\"\r\n\t\t\t\tmethod=\"post\"\r\n\t\t\t\tdata-forminator-render=\"0\"\r\n\t\t\t\tdata-form-id=\"94621\"\r\n\t\t\t\tenctype=\"multipart\/form-data\" data-color-option=\"default\" data-design=\"default\" data-grid=\"enclosed\" style=\"display: none;\"\r\n\t\t\t\tdata-uid=\"69dee0e151c59\" action=\"\"\r\n\t\t\t><div role=\"alert\" aria-live=\"polite\" class=\"forminator-response-message forminator-error\" aria-hidden=\"true\"><\/div><div class=\"forminator-row\"><div id=\"name-1\" class=\"forminator-field-name forminator-col forminator-col-6\"><div class=\"forminator-field\"><input type=\"text\" name=\"name-1\" value=\"\" placeholder=\"Nom\" id=\"forminator-field-name-1_69dee0e151c59\" class=\"forminator-input forminator-name--field\" aria-required=\"true\" autocomplete=\"name\" \/><\/div><\/div><div id=\"email-1\" class=\"forminator-field-email forminator-col forminator-col-6\"><div class=\"forminator-field\"><input type=\"email\" name=\"email-1\" value=\"\" placeholder=\"Courriel\" id=\"forminator-field-email-1_69dee0e151c59\" class=\"forminator-input forminator-email--field\" data-required=\"1\" aria-required=\"true\" autocomplete=\"email\" \/><\/div><\/div><\/div><div class=\"forminator-row\"><div id=\"phone-1\" class=\"forminator-field-phone forminator-col forminator-col-12\"><div class=\"forminator-field\"><input type=\"text\" name=\"phone-1\" value=\"\" placeholder=\"Num\u00e9ro de t\u00e9l\u00e9phone\" id=\"forminator-field-phone-1_69dee0e151c59\" class=\"forminator-input forminator-field--phone\" data-required=\"\" aria-required=\"false\" autocomplete=\"off\" \/><\/div><\/div><\/div><div class=\"forminator-row\"><div id=\"textarea-1\" class=\"forminator-field-textarea forminator-col forminator-col-12\"><div class=\"forminator-field\"><textarea name=\"textarea-1\" placeholder=\"Motivation\" id=\"forminator-field-textarea-1_69dee0e151c59\" class=\"forminator-textarea\" rows=\"6\" style=\"min-height:140px;\" ><\/textarea><\/div><\/div><\/div><div class=\"forminator-row\"><div id=\"upload-1\" class=\"forminator-field-upload forminator-col forminator-col-12\"><div class=\"forminator-field\"><label for=\"forminator-field-upload-1_69dee0e151c59\" id=\"forminator-field-upload-1_69dee0e151c59-label\" class=\"forminator-label\">T\u00e9l\u00e9charger le fichier<\/label><div class=\"forminator-multi-upload\" data-element=\"upload-1_69dee0e151c59\"><input type=\"file\" name=\"upload-1[]\" id=\"forminator-field-upload-1_69dee0e151c59\" class=\"forminator-input-file forminator-field-upload-1_69dee0e151c59-94621\" multiple=\"multiple\" data-method=\"ajax\" data-size=\"8000000\" data-size-message=\"Maximum file size allowed is 8 MB. \"><div class=\"forminator-multi-upload-message\" aria-hidden=\"true\"><span class=\"forminator-icon-upload\" aria-hidden=\"true\"><\/span><p>Glisser-d\u00e9poser (ou) <a class=\"forminator-upload-file--forminator-field-upload-1_69dee0e151c59\" href=\"#\" onclick=\"return false;\">Choisir les fichiers<\/a><\/p><\/div><\/div><ul class=\"forminator-uploaded-files upload-container-upload-1_69dee0e151c59\"><\/ul><\/div><\/div><\/div><input type=\"hidden\" name=\"referer_url\" value=\"\" \/><div class=\"forminator-row forminator-row-last\"><div class=\"forminator-col\"><div class=\"forminator-field\"><button class=\"forminator-button forminator-button-submit\">ENVOYER LA DEMANDE<\/button><\/div><\/div><\/div><input type=\"hidden\" id=\"forminator_nonce\" name=\"forminator_nonce\" value=\"111376c7a6\" \/><input type=\"hidden\" name=\"_wp_http_referer\" value=\"\/fr\/wp-json\/wp\/v2\/pages\/100765\" \/><input type=\"hidden\" name=\"form_id\" value=\"94621\"><input type=\"hidden\" name=\"page_id\" value=\"100765\"><input type=\"hidden\" name=\"form_type\" value=\"default\"><input type=\"hidden\" name=\"current_url\" value=\"https:\/\/cafecostume.com\/fr\/tailleur-anvers\/\"><input type=\"hidden\" name=\"render_id\" value=\"0\"><input type=\"hidden\" name=\"forminator-multifile-hidden\" class=\"forminator-multifile-hidden\"><input type=\"hidden\" name=\"action\" value=\"forminator_submit_form_custom-forms\"><input type=\"hidden\" name=\"trp-form-language\" value=\"fr\"\/><\/form>\n<\/div><\/div><\/div><\/div><\/div><\/div><script id=\"script-row-unique-3\" data-row=\"script-row-unique-3\" type=\"text\/javascript\" class=\"vc_controls\">UNCODE.initRow(document.getElementById(\"row-unique-3\"));<\/script><\/div><\/div><\/div>\n<\/div>","protected":false},"excerpt":{"rendered":"TailorAntwerp En tant qu'acteur cl\u00e9 du monde du sur-mesure en Belgique, nous ne manquons jamais d'opportunit\u00e9s. Il y a toujours place \u00e0 l'am\u00e9lioration dans [...]","protected":false},"author":146,"featured_media":0,"parent":0,"menu_order":0,"comment_status":"closed","ping_status":"closed","template":"","meta":{"_improvement_type_select":"improve_an_existing","_thumb_yes_seoaic":false,"_frame_yes_seoaic":false,"seoaic_generate_description":"","seoaic_improve_instructions_prompt":"","seoaic_rollback_content_improvement":"","seoaic_idea_thumbnail_generator":"","thumbnail_generated":false,"thumbnail_generate_prompt":"","seoaic_article_description":"","wds_primary_page_category":0,"footnotes":""},"class_list":["post-100765","page","type-page","status-publish","hentry"],"_links":{"self":[{"href":"https:\/\/cafecostume.com\/fr\/wp-json\/wp\/v2\/pages\/100765","targetHints":{"allow":["GET"]}}],"collection":[{"href":"https:\/\/cafecostume.com\/fr\/wp-json\/wp\/v2\/pages"}],"about":[{"href":"https:\/\/cafecostume.com\/fr\/wp-json\/wp\/v2\/types\/page"}],"author":[{"embeddable":true,"href":"https:\/\/cafecostume.com\/fr\/wp-json\/wp\/v2\/users\/146"}],"replies":[{"embeddable":true,"href":"https:\/\/cafecostume.com\/fr\/wp-json\/wp\/v2\/comments?post=100765"}],"version-history":[{"count":3,"href":"https:\/\/cafecostume.com\/fr\/wp-json\/wp\/v2\/pages\/100765\/revisions"}],"predecessor-version":[{"id":113047,"href":"https:\/\/cafecostume.com\/fr\/wp-json\/wp\/v2\/pages\/100765\/revisions\/113047"}],"wp:attachment":[{"href":"https:\/\/cafecostume.com\/fr\/wp-json\/wp\/v2\/media?parent=100765"}],"curies":[{"name":"wp","href":"https:\/\/api.w.org\/{rel}","templated":true}]}}