{"id":101821,"date":"2022-11-15T15:26:55","date_gmt":"2022-11-15T15:26:55","guid":{"rendered":"https:\/\/cafecostume.com\/?page_id=101821"},"modified":"2023-07-26T14:29:20","modified_gmt":"2023-07-26T14:29:20","slug":"tem-women-stores-menu","status":"publish","type":"page","link":"https:\/\/cafecostume.com\/fr\/tem-women-stores-menu\/","title":{"rendered":"Menu des magasins pour femmes"},"content":{"rendered":"<div class=\"wpb-content-wrapper\"><div data-parent=\"true\" class=\"vc_row style-color-xsdn-bg row-container\" id=\"row-unique-0\"><div class=\"row no-top-padding no-bottom-padding no-h-padding full-width row-parent\"><div class=\"wpb_row row-inner\"><div class=\"wpb_column pos-top pos-center align_center column_parent col-lg-12 single-internal-gutter\"><div class=\"uncol style-light\"  ><div class=\"uncoltable\"><div class=\"uncell no-block-padding\" ><div class=\"uncont\" ><div class=\"vc_custom_heading_wrap H1CUSTOM\"><div class=\"heading-text el-text\" ><h1 class=\"font-175345 fontsize-578426 fontheight-139771 font-weight-500 text-color-jevc-color text-uppercase\" ><span>trouvez votre magasin<\/span><\/h1><\/div><div class=\"clear\"><\/div><\/div><div id=\"index-154467\" class=\"isotope-system isotope-general-light grid-general-light post-type-archive-product tmb\" >\n\n\t\t\t\t\t\t\t\t<div class=\"isotope-wrapper grid-wrapper no-gutter\" >\t\t\t\t\t\t\t\t\t<div class=\"isotope-container grid-container isotope-layout style-masonry isotope-pagination grid-pagination\" data-type=\"masonry\" data-layout=\"fitRows\" data-lg=\"1000\" data-md=\"600\" data-sm=\"480\" data-vp-height=\"\"><div class=\"tmb atc-typography-inherit tmb-iso-w4 tmb-iso-h4 tmb-light tmb-text-showed tmb-overlay-showed tmb-overlay-anim tmb-overlay-middle tmb-overlay-text-center tmb-image-anim tmb-entry-title-uppercase  grid-cat-2939 grid-cat-2909 tmb-id-73933 tmb-img-ratio tmb-media-first tmb-media-last tmb-content-overlay tmb-no-bg\" ><div class=\"t-inside no-anim\" ><div class=\"t-entry-visual\"><div class=\"t-entry-visual-tc\"><div class=\"t-entry-visual-cont\"><div class=\"dummy\" style=\"padding-top: 100%;\"><\/div><a href=\"https:\/\/cafecostume.com\/fr\/costume-gand\/\"  class=\"pushed\" target=\"_self\" data-lb-index=\"0\"><div class=\"t-entry-visual-overlay\"><div class=\"t-entry-visual-overlay-in style-color-jevc-bg\" style=\"opacity: 0.2;\"><\/div><\/div><div class=\"t-overlay-wrap\"><div class=\"t-overlay-inner\">\n\t\t\t\t\t\t\t\t\t\t\t\t\t\t<div class=\"t-overlay-content\">\n\t\t\t\t\t\t\t\t\t\t\t\t\t\t\t<div class=\"t-overlay-text single-block-padding\"><div class=\"t-entry\"><h3 class=\"t-entry-title font-175345 fontsize-155944 font-weight-500 title-scale\">Gand<\/h3><\/div><\/div><\/div><\/div><\/div><img decoding=\"async\" class=\"wp-image-95634\" src=\"https:\/\/cafecostume.com\/wp-content\/uploads\/2022\/05\/Store2022-GENT-4-scaled-uai-1365x1365.jpg\" width=\"1365\" height=\"1365\" alt=\"\" \/><\/a><\/div>\n\t\t\t\t\t<\/div>\n\t\t\t\t<\/div><\/div><\/div><div class=\"tmb atc-typography-inherit tmb-iso-w4 tmb-iso-h4 tmb-light tmb-text-showed tmb-overlay-showed tmb-overlay-anim tmb-overlay-middle tmb-overlay-text-center tmb-image-anim tmb-entry-title-uppercase  grid-cat-2939 grid-cat-2909 tmb-id-73911 tmb-img-ratio tmb-media-first tmb-media-last tmb-content-overlay tmb-no-bg\" ><div class=\"t-inside no-anim\" ><div class=\"t-entry-visual\"><div class=\"t-entry-visual-tc\"><div class=\"t-entry-visual-cont\"><div class=\"dummy\" style=\"padding-top: 100%;\"><\/div><a href=\"https:\/\/cafecostume.com\/fr\/costume-bruxelles\/\"  class=\"pushed\" target=\"_self\" data-lb-index=\"1\"><div class=\"t-entry-visual-overlay\"><div class=\"t-entry-visual-overlay-in style-color-jevc-bg\" style=\"opacity: 0.2;\"><\/div><\/div><div class=\"t-overlay-wrap\"><div class=\"t-overlay-inner\">\n\t\t\t\t\t\t\t\t\t\t\t\t\t\t<div class=\"t-overlay-content\">\n\t\t\t\t\t\t\t\t\t\t\t\t\t\t\t<div class=\"t-overlay-text single-block-padding\"><div class=\"t-entry\"><h3 class=\"t-entry-title font-175345 fontsize-155944 font-weight-500 title-scale\">Bruxelles - Dansaert<\/h3><\/div><\/div><\/div><\/div><\/div><img decoding=\"async\" class=\"wp-image-95308\" src=\"https:\/\/cafecostume.com\/wp-content\/uploads\/2022\/04\/BXL-THUMB-NEW-1536x865-1-uai-865x865.jpg\" width=\"865\" height=\"865\" alt=\"\" \/><\/a><\/div>\n\t\t\t\t\t<\/div>\n\t\t\t\t<\/div><\/div><\/div><div class=\"tmb atc-typography-inherit tmb-iso-w4 tmb-iso-h4 tmb-light tmb-text-showed tmb-overlay-showed tmb-overlay-anim tmb-overlay-middle tmb-overlay-text-center tmb-image-anim tmb-entry-title-uppercase  grid-cat-2939 tmb-id-73949 tmb-img-ratio tmb-media-first tmb-media-last tmb-content-overlay tmb-no-bg\" ><div class=\"t-inside no-anim\" ><div class=\"t-entry-visual\"><div class=\"t-entry-visual-tc\"><div class=\"t-entry-visual-cont\"><div class=\"dummy\" style=\"padding-top: 100%;\"><\/div><a href=\"https:\/\/cafecostume.com\/fr\/costume-la-boutique\/\"  class=\"pushed\" target=\"_self\" data-lb-index=\"2\"><div class=\"t-entry-visual-overlay\"><div class=\"t-entry-visual-overlay-in style-color-jevc-bg\" style=\"opacity: 0.2;\"><\/div><\/div><div class=\"t-overlay-wrap\"><div class=\"t-overlay-inner\">\n\t\t\t\t\t\t\t\t\t\t\t\t\t\t<div class=\"t-overlay-content\">\n\t\t\t\t\t\t\t\t\t\t\t\t\t\t\t<div class=\"t-overlay-text single-block-padding\"><div class=\"t-entry\"><h3 class=\"t-entry-title font-175345 fontsize-155944 font-weight-500 title-scale\">La boutique<\/h3><\/div><\/div><\/div><\/div><\/div><img decoding=\"async\" class=\"wp-image-100702\" src=\"https:\/\/cafecostume.com\/wp-content\/uploads\/2022\/10\/ANT-W-STORE1-scaled-uai-1365x1365.jpg\" width=\"1365\" height=\"1365\" alt=\"\" \/><\/a><\/div>\n\t\t\t\t\t<\/div>\n\t\t\t\t<\/div><\/div><\/div><\/div>\t\n\n\n<\/div>    <\/div>\n<\/div><\/div><\/div><\/div><\/div><script id=\"script-row-unique-0\" data-row=\"script-row-unique-0\" type=\"text\/javascript\" class=\"vc_controls\">UNCODE.initRow(document.getElementById(\"row-unique-0\"));<\/script><\/div><\/div><\/div>\n<\/div>","protected":false},"excerpt":{"rendered":"La Boutique Antwerpbook un rendez-vous Septembre 2022, notre \u00e9v\u00e9nement 'Quartier Costume' introduit un nouveau d\u00e9veloppement Caf\u00e9 Costume : un nouvel ensemble de formes [...]","protected":false},"author":146,"featured_media":0,"parent":0,"menu_order":0,"comment_status":"closed","ping_status":"closed","template":"","meta":{"_improvement_type_select":"improve_an_existing","_thumb_yes_seoaic":false,"_frame_yes_seoaic":false,"seoaic_generate_description":"","seoaic_improve_instructions_prompt":"","seoaic_rollback_content_improvement":"","seoaic_idea_thumbnail_generator":"","thumbnail_generated":false,"thumbnail_generate_prompt":"","seoaic_article_description":"","wds_primary_page_category":0,"footnotes":""},"class_list":["post-101821","page","type-page","status-publish","hentry"],"_links":{"self":[{"href":"https:\/\/cafecostume.com\/fr\/wp-json\/wp\/v2\/pages\/101821","targetHints":{"allow":["GET"]}}],"collection":[{"href":"https:\/\/cafecostume.com\/fr\/wp-json\/wp\/v2\/pages"}],"about":[{"href":"https:\/\/cafecostume.com\/fr\/wp-json\/wp\/v2\/types\/page"}],"author":[{"embeddable":true,"href":"https:\/\/cafecostume.com\/fr\/wp-json\/wp\/v2\/users\/146"}],"replies":[{"embeddable":true,"href":"https:\/\/cafecostume.com\/fr\/wp-json\/wp\/v2\/comments?post=101821"}],"version-history":[{"count":3,"href":"https:\/\/cafecostume.com\/fr\/wp-json\/wp\/v2\/pages\/101821\/revisions"}],"predecessor-version":[{"id":108179,"href":"https:\/\/cafecostume.com\/fr\/wp-json\/wp\/v2\/pages\/101821\/revisions\/108179"}],"wp:attachment":[{"href":"https:\/\/cafecostume.com\/fr\/wp-json\/wp\/v2\/media?parent=101821"}],"curies":[{"name":"wp","href":"https:\/\/api.w.org\/{rel}","templated":true}]}}