{"id":117512,"date":"2026-04-10T08:32:37","date_gmt":"2026-04-10T08:32:37","guid":{"rendered":"https:\/\/cafecostume.com\/?page_id=117512"},"modified":"2026-04-10T11:26:13","modified_gmt":"2026-04-10T11:26:13","slug":"antfashionfest26","status":"publish","type":"page","link":"https:\/\/cafecostume.com\/fr\/antfashionfest26\/","title":{"rendered":"ANTFASHIONFEST26"},"content":{"rendered":"<div class=\"wpb-content-wrapper\"><div data-parent=\"true\" class=\"vc_row row-container\" id=\"row-unique-0\"><div class=\"row-background background-element\">\n\t\t\t\t\t\t\t\t\t\t\t<div class=\"background-wrapper\">\n\t\t\t\t\t\t\t\t\t\t\t\t<div class=\"background-inner\" style=\"background-image: url(https:\/\/cafecostume.com\/wp-content\/uploads\/2026\/04\/Screenshot-2026-04-10-at-10.30.18.png);background-repeat: no-repeat;background-position: center center;background-attachment: scroll;background-size: cover;\"><\/div>\n\t\t\t\t\t\t\t\t\t\t\t\t<div class=\"block-bg-overlay style-color-jevc-bg\" style=\"opacity: 0.25;\"><\/div>\n\t\t\t\t\t\t\t\t\t\t\t<\/div>\n\t\t\t\t\t\t\t\t\t\t<\/div><div class=\"row single-top-padding one-bottom-padding single-h-padding limit-width row-parent\"><div class=\"wpb_row row-inner\"><div class=\"wpb_column pos-middle pos-center align_center column_parent col-lg-12 single-internal-gutter\"><div class=\"uncol style-light\"  ><div class=\"uncoltable\"><div class=\"uncell\" ><div class=\"uncont no-block-padding col-custom-width\" style=\" max-width:65%;\" ><div class=\"empty-space empty-double desktop-hidden tablet-hidden\" ><span class=\"empty-space-inner\"><\/span><\/div>\n<div class=\"uncode-single-media  text-center\"><div class=\"single-wrapper\" style=\"max-width: 50%;\"><div class=\"tmb tmb-light  tmb-media-first tmb-media-last tmb-content-overlay tmb-no-bg\"><div class=\"t-inside\"><div class=\"t-entry-visual\"><div class=\"t-entry-visual-tc\"><div class=\"uncode-single-media-wrapper\"><img decoding=\"async\" class=\"wp-image-89025\" src=\"https:\/\/cafecostume.com\/wp-content\/uploads\/2021\/09\/Logo-White-3.png\" width=\"600\" height=\"68\" alt=\"\" srcset=\"https:\/\/cafecostume.com\/wp-content\/uploads\/2021\/09\/Logo-White-3.png 600w, https:\/\/cafecostume.com\/wp-content\/uploads\/2021\/09\/Logo-White-3-300x34.png 300w\" sizes=\"(max-width: 600px) 100vw, 600px\" \/><\/div>\n\t\t\t\t\t<\/div>\n\t\t\t\t<\/div><\/div><\/div><\/div><\/div><div class=\"vc_custom_heading_wrap\"><div class=\"heading-text el-text\" ><h2 class=\"font-175345 fontsize-383443 fontheight-161249 font-weight-500 text-color-xsdn-color\" ><span>x<\/span><\/h2><\/div><div class=\"clear\"><\/div><\/div><div class=\"vc_custom_heading_wrap\"><div class=\"heading-text el-text\" ><h2 class=\"font-106330 fontsize-155944 fontheight-161249 font-weight-500 text-color-xsdn-color\" ><span>STIG DE BLOCK<\/span><\/h2><\/div><div class=\"clear\"><\/div><\/div><div class=\"vc_custom_heading_wrap\"><div class=\"heading-text el-text\" ><h2 class=\"font-175345 fontsize-383443 fontheight-161249 font-weight-500 text-color-xsdn-color\" ><span>Stig De Block vous emm\u00e8ne dans les coulisses de Chromatics, une exploration cr\u00e9ative de la couleur, de la forme et de l'identit\u00e9. Il explique son processus de cr\u00e9ation et ce qui l'a pouss\u00e9 \u00e0 r\u00e9aliser ce projet.<\/p><\/span><span><p>&nbsp;<\/p><\/span><span><p>&nbsp;<\/p><\/span><span><p>En collaborant avec Bruno Van Gils, la vision unique de Caf\u00e9 Costume en mati\u00e8re de confection et de style fusionne harmonieusement avec l'univers artistique de De Block.<\/p><\/span><span><p>&nbsp;<\/p><\/span><span><p>&nbsp;<\/p><\/span><span><p>Le r\u00e9sultat : une pollinisation crois\u00e9e particuli\u00e8re entre la mode et les arts visuels.<\/p><\/span><span><p>&nbsp;<\/p><\/span><span><p>&nbsp;<\/p><\/span><span><p>&nbsp;<\/p><\/span><span><p>Date : 4 juin<\/p><\/span><span><p>Heure:19:30<\/p><\/span><span><p>Adresse : Caf\u00e9 Costume Anvers<\/p><\/span><span><p>&nbsp;<\/p><\/span><span><p>&nbsp;<\/p><\/span><span><p>&nbsp;<\/p><\/span><span><p>&nbsp;<\/p><\/span><span><p>Limited seating available &#8211; seats are confirmed by end May<\/p><\/span><span><p>&nbsp;<\/p><\/span><span><p>Envie de vous joindre \u00e0 nous ? Demandez une place ici<\/p><\/span><span><p><\/span><\/h2><\/div><div class=\"clear\"><\/div><\/div><div class=\"empty-space empty-single\" ><span class=\"empty-space-inner\"><\/span><\/div>\n<div class=\"uncode_text_column\" ><div class=\"forminator-ui forminator-custom-form forminator-custom-form-117513 forminator-design--default forminator-enclosed forminator_ajax\" data-forminator-render=\"0\" data-form=\"forminator-module-117513\" data-uid=\"69f373660df22\"><br\/><\/div><form\r\n\t\t\t\tid=\"forminator-module-117513\"\r\n\t\t\t\tclass=\"forminator-ui forminator-custom-form forminator-custom-form-117513 forminator-design--default forminator-enclosed forminator_ajax\"\r\n\t\t\t\tmethod=\"post\"\r\n\t\t\t\tdata-forminator-render=\"0\"\r\n\t\t\t\tdata-form-id=\"117513\"\r\n\t\t\t\t data-color-option=\"default\" data-design=\"default\" data-grid=\"enclosed\" style=\"display: none;\"\r\n\t\t\t\tdata-uid=\"69f373660df22\" action=\"\"\r\n\t\t\t><div role=\"alert\" aria-live=\"polite\" class=\"forminator-response-message forminator-error\" aria-hidden=\"true\"><\/div><div class=\"forminator-row\"><div id=\"name-1\" class=\"forminator-field-name forminator-col forminator-col-12\"><div class=\"forminator-field\"><input type=\"text\" name=\"name-1\" value=\"\" placeholder=\"Nom complet\" id=\"forminator-field-name-1_69f373660df22\" class=\"forminator-input forminator-name--field\" aria-required=\"true\" autocomplete=\"name\" \/><\/div><\/div><\/div><div class=\"forminator-row\"><div id=\"email-1\" class=\"forminator-field-email forminator-col forminator-col-12\"><div class=\"forminator-field\"><input type=\"email\" name=\"email-1\" value=\"\" placeholder=\"Courriel\" id=\"forminator-field-email-1_69f373660df22\" class=\"forminator-input forminator-email--field\" data-required=\"1\" aria-required=\"true\" autocomplete=\"email\" \/><\/div><\/div><\/div><input type=\"hidden\" name=\"referer_url\" value=\"\" \/><div class=\"forminator-row forminator-row-last\"><div class=\"forminator-col\"><div class=\"forminator-field\"><button class=\"forminator-button forminator-button-submit\">ENVOYER UN MESSAGE<\/button><\/div><\/div><\/div><input type=\"hidden\" id=\"forminator_nonce\" name=\"forminator_nonce\" value=\"9e37ab2a9e\" \/><input type=\"hidden\" name=\"_wp_http_referer\" value=\"\/fr\/wp-json\/wp\/v2\/pages\/117512\" \/><input type=\"hidden\" name=\"form_id\" value=\"117513\"><input type=\"hidden\" name=\"page_id\" value=\"117512\"><input type=\"hidden\" name=\"form_type\" value=\"default\"><input type=\"hidden\" name=\"current_url\" value=\"https:\/\/cafecostume.com\/fr\/antfashionfest26\/\"><input type=\"hidden\" name=\"render_id\" value=\"0\"><input type=\"hidden\" name=\"action\" value=\"forminator_submit_form_custom-forms\"><input type=\"hidden\" name=\"trp-form-language\" value=\"fr\"\/><\/form>\n<p>\n<\/div><div class=\"empty-space empty-double\" ><span class=\"empty-space-inner\"><\/span><\/div>\n<\/div><\/div><\/div><\/div><\/div><script id=\"script-row-unique-0\" data-row=\"script-row-unique-0\" type=\"text\/javascript\" class=\"vc_controls\">UNCODE.initRow(document.getElementById(\"row-unique-0\"));<\/script><\/div><\/div><\/div>\n<\/div>","protected":false},"excerpt":{"rendered":"xSTIG DE BLOCKStig De Block takes you behind the scenes of Chromatics, a creative exploration in colour, form and identity. [...]","protected":false},"author":146,"featured_media":0,"parent":0,"menu_order":0,"comment_status":"closed","ping_status":"closed","template":"","meta":{"_improvement_type_select":"improve_an_existing","_thumb_yes_seoaic":false,"_frame_yes_seoaic":false,"seoaic_generate_description":"","seoaic_improve_instructions_prompt":"","seoaic_rollback_content_improvement":"","seoaic_idea_thumbnail_generator":"","thumbnail_generated":false,"thumbnail_generate_prompt":"","seoaic_article_description":"","wds_primary_page_category":0,"footnotes":""},"class_list":["post-117512","page","type-page","status-publish","hentry"],"_links":{"self":[{"href":"https:\/\/cafecostume.com\/fr\/wp-json\/wp\/v2\/pages\/117512","targetHints":{"allow":["GET"]}}],"collection":[{"href":"https:\/\/cafecostume.com\/fr\/wp-json\/wp\/v2\/pages"}],"about":[{"href":"https:\/\/cafecostume.com\/fr\/wp-json\/wp\/v2\/types\/page"}],"author":[{"embeddable":true,"href":"https:\/\/cafecostume.com\/fr\/wp-json\/wp\/v2\/users\/146"}],"replies":[{"embeddable":true,"href":"https:\/\/cafecostume.com\/fr\/wp-json\/wp\/v2\/comments?post=117512"}],"version-history":[{"count":3,"href":"https:\/\/cafecostume.com\/fr\/wp-json\/wp\/v2\/pages\/117512\/revisions"}],"predecessor-version":[{"id":117522,"href":"https:\/\/cafecostume.com\/fr\/wp-json\/wp\/v2\/pages\/117512\/revisions\/117522"}],"wp:attachment":[{"href":"https:\/\/cafecostume.com\/fr\/wp-json\/wp\/v2\/media?parent=117512"}],"curies":[{"name":"wp","href":"https:\/\/api.w.org\/{rel}","templated":true}]}}