{"id":73955,"date":"2019-01-23T10:48:07","date_gmt":"2019-01-23T10:48:07","guid":{"rendered":"https:\/\/cafecostume.com\/?page_id=73955"},"modified":"2026-02-06T13:36:14","modified_gmt":"2026-02-06T13:36:14","slug":"a-propos-de","status":"publish","type":"page","link":"https:\/\/cafecostume.com\/fr\/a-propos-de\/","title":{"rendered":"\u00c0 propos de Caf\u00e9 Costume"},"content":{"rendered":"<div class=\"wpb-content-wrapper\"><div data-parent=\"true\" class=\"vc_row row-container\" id=\"row-unique-0\"><div class=\"row-background background-element\">\n\t\t\t\t\t\t\t\t\t\t\t<div class=\"background-wrapper\">\n\t\t\t\t\t\t\t\t\t\t\t\t<div class=\"background-inner\" style=\"background-image: url(https:\/\/cafecostume.com\/wp-content\/uploads\/2019\/01\/170911_Sabato1.jpg);background-repeat: no-repeat;background-position: center center;background-attachment: scroll;background-size: cover;\"><\/div>\n\t\t\t\t\t\t\t\t\t\t\t\t<div class=\"block-bg-overlay style-color-jevc-bg\" style=\"opacity: 0.5;\"><\/div>\n\t\t\t\t\t\t\t\t\t\t\t<\/div>\n\t\t\t\t\t\t\t\t\t\t<\/div><div class=\"row limit-width row-parent\" data-height-ratio=\"full\"><div class=\"wpb_row row-inner\"><div class=\"wpb_column pos-middle pos-center align_center column_parent col-lg-12 half-internal-gutter\"><div class=\"uncol style-dark\"  ><div class=\"uncoltable\"><div class=\"uncell no-block-padding\" ><div class=\"uncont\" ><div class=\"vc_row row-internal row-container\"><div class=\"row row-child\"><div class=\"wpb_row row-inner\"><div class=\"wpb_column pos-middle pos-center align_center column_child col-lg-12 single-internal-gutter\"><div class=\"uncol style-dark\" ><div class=\"uncoltable\"><div class=\"uncell no-block-padding\" ><div class=\"uncont\" style=\" max-width:53%;\" ><div class=\"vc_custom_heading_wrap\"><div class=\"heading-text el-text\" ><h2 class=\"font-219164 fontsize-445851 font-weight-500 text-uppercase\" ><span>Couture \u00e0 la carte<\/span><\/h2><\/div><div class=\"clear\"><\/div><\/div><\/div><\/div><\/div><\/div><\/div><\/div><\/div><\/div><div class=\"uncode-single-media  text-center\"><div class=\"single-wrapper\" style=\"max-width: 20%;\"><div class=\"tmb tmb-light  tmb-media-first tmb-media-last tmb-content-overlay tmb-no-bg\"><div class=\"t-inside\"><div class=\"t-entry-visual\"><div class=\"t-entry-visual-tc\"><div class=\"uncode-single-media-wrapper\"><img decoding=\"async\" class=\"wp-image-94053\" src=\"https:\/\/cafecostume.com\/wp-content\/uploads\/2022\/03\/Logo-White-3.png\" width=\"600\" height=\"68\" alt=\"\" srcset=\"https:\/\/cafecostume.com\/wp-content\/uploads\/2022\/03\/Logo-White-3.png 600w, https:\/\/cafecostume.com\/wp-content\/uploads\/2022\/03\/Logo-White-3-300x34.png 300w\" sizes=\"(max-width: 600px) 100vw, 600px\" \/><\/div>\n\t\t\t\t\t<\/div>\n\t\t\t\t<\/div><\/div><\/div><\/div><\/div><\/div><\/div><\/div><\/div><\/div><script id=\"script-row-unique-0\" data-row=\"script-row-unique-0\" type=\"text\/javascript\" class=\"vc_controls\">UNCODE.initRow(document.getElementById(\"row-unique-0\"));<\/script><\/div><\/div><\/div><div data-parent=\"true\" class=\"vc_row row-container\" id=\"row-unique-1\"><div class=\"row limit-width row-parent\"><div class=\"wpb_row row-inner\"><div class=\"wpb_column pos-middle pos-center align_center column_parent col-lg-12 single-internal-gutter\"><div class=\"uncol style-light\" style=\"max-width:65%; margin-left:auto; margin-right:auto;\"  ><div class=\"uncoltable\"><div class=\"uncell no-block-padding\" ><div class=\"uncont\" ><div class=\"empty-space empty-single\" ><span class=\"empty-space-inner\"><\/span><\/div>\n<div class=\"vc_custom_heading_wrap\"><div class=\"heading-text el-text\" ><h2 class=\"font-321633 fontsize-570267 fontheight-357766 text-color-jevc-color\" ><span>2006 marque le lancement de Caf\u00e9 Costume, une marque innovante con\u00e7ue pour redonner sa place au costume sur mesure dans la sc\u00e8ne urbaine contemporaine. En tant que descendant de l'empire Van Gils, Bruno Van Gils a combin\u00e9 tradition, expertise et cr\u00e9dibilit\u00e9 urbaine pour cr\u00e9er un concept ax\u00e9 sur l'exp\u00e9rience. Les costumes de Caf\u00e9 Costume sont d'une qualit\u00e9 premium, tout en restant exceptionnellement abordables.<\/p><\/span><span><p>&nbsp;<\/p><\/span><span><p>En tant que membre de la troisi\u00e8me g\u00e9n\u00e9ration de la c\u00e9l\u00e8bre famille de tailleurs Van Gils, Bruno a \u00e9t\u00e9 nourri de mode d\u00e8s son plus jeune \u00e2ge.<strong> En 2006, il a ouvert les portes du premier magasin \"Caf\u00e9 Costume\"<\/strong>. Le concept a \u00e9t\u00e9 joliment baptis\u00e9 \u00ab tailoring \u00e0 la carte \u00bb : le client d\u00e9termine l'apparence de sa tenue. Il choisit la coupe, le tissu, la construction, la doublure et m\u00eame les boutons avec l'aide de son tailleur.<\/p><\/span><span><p>&nbsp;<\/p><\/span><span><p>La force du concept r\u00e9side en partie dans le nom, selon Bruno. Caf\u00e9\" fait r\u00e9f\u00e9rence au plaisir d'\u00eatre en bonne compagnie, \u00e0 l'accessibilit\u00e9, \u00e0 l'hospitalit\u00e9 et \u00e0 la personnalit\u00e9. Costume\" fait r\u00e9f\u00e9rence \u00e0 la tradition, au style, \u00e0 la qualit\u00e9, \u00e0 l'habilet\u00e9, \u00e0 la mode et au luxe. \"C'est probablement d\u00fb \u00e0 mes origines, mais j'ai essay\u00e9 de combiner la tradition, le savoir-faire et un look tr\u00e8s contemporain d\u00e8s le d\u00e9but.<\/p><\/span><span><p>&nbsp;<\/p><\/span><span><p>20 years and 7 shop-openings later Caf\u00e9 Costume has developed into a household name in the Belgian made-to-measure landscape. So much so that Bruno Van Gils initiated a Women&#8217;s collection within the Caf\u00e9 Costume brand. In its honour two new stores in Brussels-Dansaert and Antwerp opened their doors, specifically to welcome all those who have yet to find their way to Caf\u00e9 Costume.<\/p><\/span><span><p>In late 2024, Caf\u00e9 Costume opened their latest new boutique, hosting to our Limburg audience in Hasselt. Come in and say hi, we know we&#8217;ll be a perfect fit!<\/span><\/h2><\/div><div class=\"clear\"><\/div><\/div><div class=\"empty-space empty-double\" ><span class=\"empty-space-inner\"><\/span><\/div>\n<\/div><\/div><\/div><\/div><\/div><script id=\"script-row-unique-1\" data-row=\"script-row-unique-1\" type=\"text\/javascript\" class=\"vc_controls\">UNCODE.initRow(document.getElementById(\"row-unique-1\"));<\/script><\/div><\/div><\/div>\n<\/div>","protected":false},"excerpt":{"rendered":"Tailoring \u00e0 la carte L'ann\u00e9e 2006 marque le lancement de Caf\u00e9 Costume, un label innovant destin\u00e9 \u00e0 reconqu\u00e9rir la place de [...]","protected":false},"author":1,"featured_media":0,"parent":0,"menu_order":0,"comment_status":"closed","ping_status":"closed","template":"","meta":{"_improvement_type_select":"improve_an_existing","_thumb_yes_seoaic":false,"_frame_yes_seoaic":false,"seoaic_generate_description":"","seoaic_improve_instructions_prompt":"","seoaic_rollback_content_improvement":"","seoaic_idea_thumbnail_generator":"","thumbnail_generated":false,"thumbnail_generate_prompt":"","seoaic_article_description":"","wds_primary_page_category":0,"footnotes":""},"class_list":["post-73955","page","type-page","status-publish","hentry"],"_links":{"self":[{"href":"https:\/\/cafecostume.com\/fr\/wp-json\/wp\/v2\/pages\/73955","targetHints":{"allow":["GET"]}}],"collection":[{"href":"https:\/\/cafecostume.com\/fr\/wp-json\/wp\/v2\/pages"}],"about":[{"href":"https:\/\/cafecostume.com\/fr\/wp-json\/wp\/v2\/types\/page"}],"author":[{"embeddable":true,"href":"https:\/\/cafecostume.com\/fr\/wp-json\/wp\/v2\/users\/1"}],"replies":[{"embeddable":true,"href":"https:\/\/cafecostume.com\/fr\/wp-json\/wp\/v2\/comments?post=73955"}],"version-history":[{"count":4,"href":"https:\/\/cafecostume.com\/fr\/wp-json\/wp\/v2\/pages\/73955\/revisions"}],"predecessor-version":[{"id":116928,"href":"https:\/\/cafecostume.com\/fr\/wp-json\/wp\/v2\/pages\/73955\/revisions\/116928"}],"wp:attachment":[{"href":"https:\/\/cafecostume.com\/fr\/wp-json\/wp\/v2\/media?parent=73955"}],"curies":[{"name":"wp","href":"https:\/\/api.w.org\/{rel}","templated":true}]}}