{"id":73974,"date":"2019-01-23T11:23:40","date_gmt":"2019-01-23T11:23:40","guid":{"rendered":"https:\/\/cafecostume.com\/?page_id=73974"},"modified":"2025-09-11T14:09:44","modified_gmt":"2025-09-11T14:09:44","slug":"questions-frequemment-posees","status":"publish","type":"page","link":"https:\/\/cafecostume.com\/fr\/questions-frequemment-posees\/","title":{"rendered":"Questions fr\u00e9quemment pos\u00e9es"},"content":{"rendered":"<div class=\"wpb-content-wrapper\"><div data-parent=\"true\" class=\"vc_row row-container\" id=\"row-unique-0\"><div class=\"row limit-width row-parent\"><div class=\"wpb_row row-inner\"><div class=\"wpb_column pos-top pos-center align_center column_parent col-lg-12 single-internal-gutter\"><div class=\"uncol style-light\"  ><div class=\"uncoltable\"><div class=\"uncell\" ><div class=\"uncont no-block-padding col-custom-width\" style=\" max-width:60%;\" ><div class=\"empty-space empty-single desktop-hidden\" ><span class=\"empty-space-inner\"><\/span><\/div>\n<div class=\"vc_custom_heading_wrap\"><div class=\"heading-text el-text\" ><h2 class=\"font-219164 fontsize-155944 font-weight-500 text-color-jevc-color text-uppercase\" ><span>questions fr\u00e9quemment pos\u00e9es<\/span><\/h2><\/div><div class=\"clear\"><\/div><\/div><\/div><\/div><\/div><\/div><\/div><script id=\"script-row-unique-0\" data-row=\"script-row-unique-0\" type=\"text\/javascript\" class=\"vc_controls\">UNCODE.initRow(document.getElementById(\"row-unique-0\"));<\/script><\/div><\/div><\/div><div data-parent=\"true\" class=\"vc_row row-container\" id=\"row-unique-1\"><div class=\"row limit-width row-parent\"><div class=\"wpb_row row-inner\"><div class=\"wpb_column pos-top pos-center align_left column_parent col-lg-12 single-internal-gutter\"><div class=\"uncol style-light font-106330\"  ><div class=\"uncoltable\"><div class=\"uncell\" ><div class=\"uncont no-block-padding col-custom-width\" style=\" max-width:80%;\" ><div class=\"uncode-accordion wpb_accordion wpb_content_element  plus-signed sign-size-rg default-typography w-border\" data-collapsible=\"no\" data-target=\"\" data-active-tab=\"0\" >\n\t\t<div class=\"panel-group wpb_wrapper wpb_accordion_wrapper\" id=\"accordion_798558815\" data-no-toggle=\"\">\n\n<div class=\"panel panel-default wpb_accordion_section group\"><div class=\"panel-heading wpb_accordion_header ui-accordion-header\"><p class=\"panel-title font-weight- text-   icon-size-rg\"><a data-toggle=\"collapse\" data-parent=\"#accordion_798558815\" href=\"#1647862275-1-89\"><span>Quel est le prix d'un costume ?<\/span><\/a><\/p><\/div><div id=\"1647862275-1-89\" class=\"panel-collapse collapse\"><div class=\"panel-body wpb_accordion_content ui-accordion-content one-internal-gutter single-block-padding\">\n\t\t\t\t\t\t<div class=\"vc_custom_heading_wrap\"><div class=\"heading-text el-text\" ><h2 class=\"font-321633 fontsize-570267 font-weight-500 text-color-jevc-color\" ><span>Un costume 2 pi\u00e8ces <strong>\u00e0 partir de 852 <\/strong>et un costume 3 pi\u00e8ces <strong>\u00e0 partir de 1 066 euros<\/strong>. Pour plus d'informations sur les prix <a href=\"https:\/\/cafecostume.com\/fr\/la-tarification\/\">cliquez ici<\/a>.<\/span><\/h2><\/div><div class=\"clear\"><\/div><\/div><\/div><\/div><\/div><div class=\"panel panel-default wpb_accordion_section group\"><div class=\"panel-heading wpb_accordion_header ui-accordion-header\"><p class=\"panel-title font-weight- text-   icon-size-rg\"><a data-toggle=\"collapse\" data-parent=\"#accordion_798558815\" href=\"#1647862275-2-76\"><span>Quel est le d\u00e9lai de fabrication ?<\/span><\/a><\/p><\/div><div id=\"1647862275-2-76\" class=\"panel-collapse collapse\"><div class=\"panel-body wpb_accordion_content ui-accordion-content one-internal-gutter single-block-padding\">\n\t\t\t\t\t\t<div class=\"vc_custom_heading_wrap\"><div class=\"heading-text el-text\" ><h2 class=\"font-321633 fontsize-570267 font-weight-500 text-color-jevc-color translation-block\" ><span>Le choix du tissu d\u00e9terminera le d\u00e9lai de livraison.<\/span><span>Les costumes, vestes, manteaux et gilets peuvent prendre entre <strong>4<\/strong><strong> et 8 semaines<\/strong> entre la commande et le premier essayage, selon le tissu. Nous vous conseillons de passer commande <strong>3 \u00e0 4 mois avant la date de votre \u00e9v\u00e9nement.<\/strong><\/span><span>Les chemises prendront<strong> 4 semaines<\/strong>.<\/span><\/h2><\/div><div class=\"clear\"><\/div><\/div><\/div><\/div><\/div><div class=\"panel panel-default wpb_accordion_section group\"><div class=\"panel-heading wpb_accordion_header ui-accordion-header\"><p class=\"panel-title font-weight- text-   icon-size-rg\"><a data-toggle=\"collapse\" data-parent=\"#accordion_798558815\" href=\"#1648473438650-2-8\"><span>Combien y a-t-il de rendez-vous ?<\/span><\/a><\/p><\/div><div id=\"1648473438650-2-8\" class=\"panel-collapse collapse\"><div class=\"panel-body wpb_accordion_content ui-accordion-content half-internal-gutter single-block-padding\">\n\t\t\t\t\t\t<div class=\"vc_custom_heading_wrap\"><div class=\"heading-text el-text\" ><h2 class=\"font-321633 fontsize-570267 font-weight-500 text-color-jevc-color\" ><span>Normalement, il y a 2 ou 3 sessions.<\/p><\/span><span><p>&nbsp;<\/p><\/span><span><p><strong>1er rendez-vous<\/strong>: Choix des tissus, des boutons, des doublures et d'autres d\u00e9tails. Lors de ce rendez-vous, nous prenons vos mesures, effectuons le paiement et r\u00e9servons votre (premier) rendez-vous d'essayage.<\/p><\/span><span><p>&nbsp;<\/p><\/span><span><p><strong>2\u00e8me rendez-vous<\/strong>: Avec votre tailleur, vous aurez l'occasion d'essayer votre costume pour la premi\u00e8re fois. Si des retouches sont n\u00e9cessaires, elles sont discut\u00e9es \u00e0 ce moment-l\u00e0. Nous prenons \u00e9galement le temps de styliser votre costume. Vous aurez peut-\u00eatre besoin d'une cravate ou d'un n\u0153ud papillon, d'une ceinture ou de bretelles, d'une belle paire de chaussures, de boutons de manchette \u00e9tincelants ou d'un \u00e9l\u00e9gant carr\u00e9 de poche !<\/p><\/span><span><p><strong>(facultatif) 3\u00e8me rendez-vous<\/strong>: Nous v\u00e9rifions les retouches effectu\u00e9es sur vos v\u00eatements. Nous prenons plus de temps pour voir ce qui manque \u00e0 votre tenue pour qu'elle brille vraiment !<\/span><\/h2><\/div><div class=\"clear\"><\/div><\/div><\/div><\/div><\/div><div class=\"panel panel-default wpb_accordion_section group\"><div class=\"panel-heading wpb_accordion_header ui-accordion-header\"><p class=\"panel-title font-weight- text-   icon-size-rg\"><a data-toggle=\"collapse\" data-parent=\"#accordion_798558815\" href=\"#1648473484755-3-4\"><span>Ai-je besoin d'un rendez-vous ?<\/span><\/a><\/p><\/div><div id=\"1648473484755-3-4\" class=\"panel-collapse collapse\"><div class=\"panel-body wpb_accordion_content ui-accordion-content half-internal-gutter single-block-padding\">\n\t\t\t\t\t\t<div class=\"vc_custom_heading_wrap\"><div class=\"heading-text el-text\" ><h2 class=\"font-321633 fontsize-570267 font-weight-500 text-color-jevc-color\" ><span>Oui. Nous vous demandons de prendre rendez-vous afin de vous offrir un service personnalis\u00e9 et de qualit\u00e9. Nous souhaitons que vous soyez guid\u00e9 par votre tailleur pour chaque nouvelle commande ou renouvellement de commande.<\/p><\/span><span><p>Vous ne cherchez qu'un accessoire ou un costume fini ? N'h\u00e9sitez pas \u00e0 visiter nos magasins sans rendez-vous, nous vous aiderons !<\/span><\/h2><\/div><div class=\"clear\"><\/div><\/div><\/div><\/div><\/div><div class=\"panel panel-default wpb_accordion_section group\"><div class=\"panel-heading wpb_accordion_header ui-accordion-header\"><p class=\"panel-title font-weight- text-   icon-size-rg\"><a data-toggle=\"collapse\" data-parent=\"#accordion_798558815\" href=\"#1648473514379-4-3\"><span>Et s'il y a un probl\u00e8me avec mon costume ?<\/span><\/a><\/p><\/div><div id=\"1648473514379-4-3\" class=\"panel-collapse collapse\"><div class=\"panel-body wpb_accordion_content ui-accordion-content half-internal-gutter single-block-padding\">\n\t\t\t\t\t\t<div class=\"vc_custom_heading_wrap\"><div class=\"heading-text el-text\" ><h2 class=\"font-321633 fontsize-570267 font-weight-500 text-color-jevc-color\" ><span>Un bouton s'est d\u00e9tach\u00e9, une couture est devenue un peu trop l\u00e2che, vous avez besoin de conseils d'entretien, vous avez perdu ou pris du poids, ... ? Veuillez contacter votre magasin local ou votre tailleur pour effectuer les ajustements n\u00e9cessaires. Nous nous ferons un plaisir de vous aider.<\/p><\/span><span><p>&nbsp;<\/p><\/span><span><p>Mais il y a un probl\u00e8me ! Vous avez d\u00e9chir\u00e9 votre chemise ou votre costume. Quelqu'un s'est approch\u00e9 un peu trop pr\u00e8s avec sa cigarette. Vous vous \u00eates r\u00e9veill\u00e9 dans les toilettes apr\u00e8s une nuit agit\u00e9e. Bien que nous ne puissions offrir aucune garantie sur les v\u00eatements us\u00e9s, nous pouvons vous aider \u00e0 les r\u00e9parer. Envoyez-nous des photos de ce qui s'est pass\u00e9 et nous trouverons la meilleure solution.<\/span><\/h2><\/div><div class=\"clear\"><\/div><\/div><\/div><\/div><\/div><div class=\"panel panel-default wpb_accordion_section group\"><div class=\"panel-heading wpb_accordion_header ui-accordion-header\"><p class=\"panel-title font-weight- text-   icon-size-rg\"><a data-toggle=\"collapse\" data-parent=\"#accordion_798558815\" href=\"#1648473559567-5-1\"><span>Qu'en est-il des paiements ?<\/span><\/a><\/p><\/div><div id=\"1648473559567-5-1\" class=\"panel-collapse collapse\"><div class=\"panel-body wpb_accordion_content ui-accordion-content half-internal-gutter single-block-padding\">\n\t\t\t\t\t\t<div class=\"vc_custom_heading_wrap\"><div class=\"heading-text el-text\" ><h2 class=\"font-321633 fontsize-570267 font-weight-500 text-color-jevc-color\" ><span>Si vous souhaitez commander un produit sur mesure, nous demandons un paiement int\u00e9gral \u00e0 la commande. Si vous estimez que nous n'avons pas fourni le produit attendu au moment de l'essayage, nous vous assurons un remboursement complet. Ceci, bien s\u00fbr, dans le respect de notre politique de retour de 30 jours.<\/p><\/span><span><p>&nbsp;<\/p><\/span><span><p>La s\u00e9quence standard des rendez-vous d'essayage (des v\u00eatements command\u00e9s) est gratuite. Les retouches ult\u00e9rieures peuvent \u00eatre factur\u00e9es \u00e0 un prix modique.<\/p><\/span><span><p>&nbsp;<\/p><\/span><span><p>Nous acceptons Bancontact, Maestro, Visa, Mastercard. L'argent liquide est une option mais pas une pr\u00e9f\u00e9rence.<\/span><\/h2><\/div><div class=\"clear\"><\/div><\/div><\/div><\/div><\/div><div class=\"panel panel-default wpb_accordion_section group\"><div class=\"panel-heading wpb_accordion_header ui-accordion-header\"><p class=\"panel-title font-weight- text-   icon-size-rg\"><a data-toggle=\"collapse\" data-parent=\"#accordion_798558815\" href=\"#1686131802542-6-9\"><span>Puis-je louer des v\u00eatements Caf\u00e9 Costume ?<\/span><\/a><\/p><\/div><div id=\"1686131802542-6-9\" class=\"panel-collapse collapse\"><div class=\"panel-body wpb_accordion_content ui-accordion-content half-internal-gutter single-block-padding\">\n\t\t\t\t\t\t<div class=\"vc_custom_heading_wrap\"><div class=\"heading-text el-text\" ><h2 class=\"font-321633 fontsize-570267 text-color-jevc-color\" ><span>Nous sommes sp\u00e9cialis\u00e9s dans la couture. La location de nos v\u00eatements n\u2019est pas possible, car chaque pi\u00e8ce est faite sur mesure pour quelqu\u2019un.<\/span><\/h2><\/div><div class=\"clear\"><\/div><\/div><\/div><\/div><\/div><div class=\"panel panel-default wpb_accordion_section group\"><div class=\"panel-heading wpb_accordion_header ui-accordion-header\"><p class=\"panel-title font-weight- text-   icon-size-rg\"><a data-toggle=\"collapse\" data-parent=\"#accordion_798558815\" href=\"#1686667501448-7-1\"><span>Puis-je laisser ma commande au magasin jusqu'\u00e0 ce que j'en aie besoin ?<\/span><\/a><\/p><\/div><div id=\"1686667501448-7-1\" class=\"panel-collapse collapse\"><div class=\"panel-body wpb_accordion_content ui-accordion-content half-internal-gutter single-block-padding\">\n\t\t\t\t\t\t<div class=\"vc_custom_heading_wrap\"><div class=\"heading-text el-text\" ><h2 class=\"font-321633 fontsize-570267 text-color-jevc-color\" ><span>Nous faisons l'inventaire de nos costumes tous les 2 mois. Les costumes qui sont chez nous depuis plus de 2 inventaires seront marqu\u00e9s. Leurs acheteurs recevront une invitation \u00e0 venir ajuster leur(s) commande(s). Apr\u00e8s 3 notifications, nous serons oblig\u00e9s de marquer la commande comme 'perdue' et elle sera retir\u00e9e de notre stock.<br \/><\/span><span>Vous avez toujours la possibilit\u00e9 de nous confier gratuitement la sauvegarde de votre commande (en cas de commande \u00e0 l'\u00e9tranger, etc.) jusqu'\u00e0 ce que vous en ayez besoin.<strong> Cela doit \u00eatre confirm\u00e9, par \u00e9crit, par le directeur du magasin o\u00f9 le produit a \u00e9t\u00e9 command\u00e9 et conserv\u00e9.<\/strong><\/span><\/h2><\/div><div class=\"clear\"><\/div><\/div><\/div><\/div><\/div>\n\t\t<\/div><\/div><div class=\"empty-space empty-single\" ><span class=\"empty-space-inner\"><\/span><\/div>\n<\/div><\/div><\/div><\/div><\/div><script id=\"script-row-unique-1\" data-row=\"script-row-unique-1\" type=\"text\/javascript\" class=\"vc_controls\">UNCODE.initRow(document.getElementById(\"row-unique-1\"));<\/script><\/div><\/div><\/div><div data-parent=\"true\" class=\"vc_row style-color-lxmt-bg row-container\" id=\"row-unique-2\"><div class=\"row penta-top-padding quad-bottom-padding exa-h-padding limit-width row-parent\"><div class=\"wpb_row row-inner\"><div class=\"wpb_column pos-middle pos-center align_center column_parent col-lg-12 single-internal-gutter\"><div class=\"uncol style-light\"  ><div class=\"uncoltable\"><div class=\"uncell\" ><div class=\"uncont no-block-padding col-custom-width\" style=\" max-width:75%;\" ><div class=\"vc_row row-internal row-container\"><div class=\"row row-child\"><div class=\"wpb_row row-inner\"><div class=\"wpb_column pos-middle pos-center align_center column_child col-lg-12 half-internal-gutter\"><div class=\"uncol style-light\" ><div class=\"uncoltable\"><div class=\"uncell no-block-padding\" ><div class=\"uncont\" ><div class=\"vc_custom_heading_wrap\"><div class=\"heading-text el-text bottom-t-top animate_when_almost_visible\" ><h2 class=\"font-219164 fontsize-198324 font-weight-500 text-color-jevc-color text-uppercase\" ><span>S\u00e9ance d'information gratuite ?<\/span><\/h2><\/div><div class=\"clear\"><\/div><\/div><div class=\"vc_custom_heading_wrap\"><div class=\"heading-text el-text bottom-t-top animate_when_almost_visible\" ><h2 class=\"font-321633 fontsize-185672 fontheight-357766 font-weight-500 text-accent-color\" ><span>Laissez-nous vous appeler pour organiser une s\u00e9ance d'information gratuite.<\/span><\/h2><\/div><div class=\"clear\"><\/div><\/div><\/div><\/div><\/div><\/div><\/div><\/div><\/div><\/div><div class=\"uncode_text_column\" ><div class=\"forminator-ui forminator-custom-form forminator-custom-form-94421 forminator-design--default forminator-enclosed forminator_ajax\" data-forminator-render=\"0\" data-form=\"forminator-module-94421\" data-uid=\"69e18b734979c\"><br\/><\/div><form\r\n\t\t\t\tid=\"forminator-module-94421\"\r\n\t\t\t\tclass=\"forminator-ui forminator-custom-form forminator-custom-form-94421 forminator-design--default forminator-enclosed forminator_ajax\"\r\n\t\t\t\tmethod=\"post\"\r\n\t\t\t\tdata-forminator-render=\"0\"\r\n\t\t\t\tdata-form-id=\"94421\"\r\n\t\t\t\t data-color-option=\"default\" data-design=\"default\" data-grid=\"enclosed\" style=\"display: none;\"\r\n\t\t\t\tdata-uid=\"69e18b734979c\" action=\"\"\r\n\t\t\t><div role=\"alert\" aria-live=\"polite\" class=\"forminator-response-message forminator-error\" aria-hidden=\"true\"><\/div><div class=\"forminator-row\"><div id=\"name-1\" class=\"forminator-field-name forminator-col forminator-col-6\"><div class=\"forminator-field\"><label for=\"forminator-field-name-1_69e18b734979c\" id=\"forminator-field-name-1_69e18b734979c-label\" class=\"forminator-label\">Nom de famille <span class=\"forminator-required\">*<\/span><\/label><input type=\"text\" name=\"name-1\" value=\"\" placeholder=\"Nom de famille\" id=\"forminator-field-name-1_69e18b734979c\" class=\"forminator-input forminator-name--field\" aria-required=\"true\" autocomplete=\"name\" \/><\/div><\/div><div id=\"name-2\" class=\"forminator-field-name forminator-col forminator-col-6\"><div class=\"forminator-field\"><label for=\"forminator-field-name-2_69e18b734979c\" id=\"forminator-field-name-2_69e18b734979c-label\" class=\"forminator-label\">Pr\u00e9nom <span class=\"forminator-required\">*<\/span><\/label><input type=\"text\" name=\"name-2\" value=\"\" placeholder=\"Pr\u00e9nom\" id=\"forminator-field-name-2_69e18b734979c\" class=\"forminator-input forminator-name--field\" aria-required=\"true\" autocomplete=\"name\" \/><\/div><\/div><\/div><div class=\"forminator-row\"><div id=\"email-1\" class=\"forminator-field-email forminator-col forminator-col-6\"><div class=\"forminator-field\"><input type=\"email\" name=\"email-1\" value=\"\" placeholder=\"Courriel\" id=\"forminator-field-email-1_69e18b734979c\" class=\"forminator-input forminator-email--field\" data-required=\"1\" aria-required=\"true\" autocomplete=\"email\" \/><\/div><\/div><div id=\"address-1\" class=\"forminator-field-address forminator-col forminator-col-6\"><div class=\"forminator-row\" data-multiple=\"false\"><div id=\"address-1-zip\" class=\"forminator-col forminator-col-12\"><div class=\"forminator-field\"><input type=\"text\" name=\"address-1-zip\" placeholder=\"Code postal\" id=\"forminator-field-address-1-zip_69e18b734979c\" class=\"forminator-input\" autocomplete=\"postal-code\" value=\"\" \/><\/div><\/div><\/div><\/div><\/div><div class=\"forminator-row\"><div id=\"checkbox-1\" class=\"forminator-field-checkbox forminator-col forminator-col-12\"><div role=\"group\" class=\"forminator-field required\" aria-labelledby=\"forminator-checkbox-group-forminator-field-checkbox-1-69e18b734979c-label\"><span id=\"forminator-checkbox-group-forminator-field-checkbox-1-69e18b734979c-label\" class=\"forminator-label\">Langue <span class=\"forminator-required\">*<\/span><\/span><label id=\"forminator-field-checkbox-1-1-69e18b734979c-label\" for=\"forminator-field-checkbox-1-1-69e18b734979c\" class=\"forminator-checkbox forminator-checkbox-inline\" title=\"NL\"><input type=\"checkbox\" name=\"checkbox-1[]\" value=\"one\" id=\"forminator-field-checkbox-1-1-69e18b734979c\" aria-labelledby=\"forminator-field-checkbox-1-1-69e18b734979c-label\" data-calculation=\"0\"   data-hidden-behavior=\"zero\"\/><span class=\"forminator-checkbox-box\" aria-hidden=\"true\"><\/span><span class=\"forminator-checkbox-label\">NL<\/span><\/label><label id=\"forminator-field-checkbox-1-2-69e18b734979c-label\" for=\"forminator-field-checkbox-1-2-69e18b734979c\" class=\"forminator-checkbox forminator-checkbox-inline\" title=\"FR\"><input type=\"checkbox\" name=\"checkbox-1[]\" value=\"two\" id=\"forminator-field-checkbox-1-2-69e18b734979c\" aria-labelledby=\"forminator-field-checkbox-1-2-69e18b734979c-label\" data-calculation=\"0\"   data-hidden-behavior=\"zero\"\/><span class=\"forminator-checkbox-box\" aria-hidden=\"true\"><\/span><span class=\"forminator-checkbox-label\">FR<\/span><\/label><label id=\"forminator-field-checkbox-1-3-69e18b734979c-label\" for=\"forminator-field-checkbox-1-3-69e18b734979c\" class=\"forminator-checkbox forminator-checkbox-inline\" title=\"FR\"><input type=\"checkbox\" name=\"checkbox-1[]\" value=\"EN\" id=\"forminator-field-checkbox-1-3-69e18b734979c\" aria-labelledby=\"forminator-field-checkbox-1-3-69e18b734979c-label\" data-calculation=\"0\"   data-hidden-behavior=\"zero\"\/><span class=\"forminator-checkbox-box\" aria-hidden=\"true\"><\/span><span class=\"forminator-checkbox-label\">FR<\/span><\/label><\/div><\/div><\/div><div class=\"forminator-row\"><div id=\"phone-1\" class=\"forminator-field-phone forminator-col forminator-col-12\"><div class=\"forminator-field\"><input type=\"text\" name=\"phone-1\" value=\"\" placeholder=\"Num\u00e9ro de t\u00e9l\u00e9phone\" id=\"forminator-field-phone-1_69e18b734979c\" class=\"forminator-input forminator-field--phone\" data-required=\"\" aria-required=\"false\" autocomplete=\"off\" \/><\/div><\/div><\/div><input type=\"hidden\" name=\"referer_url\" value=\"\" \/><div class=\"forminator-row forminator-row-last\"><div class=\"forminator-col\"><div class=\"forminator-field\"><button class=\"forminator-button forminator-button-submit\">CLIQUEZ ICI POUR SOUMETTRE<\/button><\/div><\/div><\/div><input type=\"hidden\" id=\"forminator_nonce\" name=\"forminator_nonce\" value=\"c1bdf068cd\" \/><input type=\"hidden\" name=\"_wp_http_referer\" value=\"\/fr\/wp-json\/wp\/v2\/pages\/73974\" \/><input type=\"hidden\" name=\"form_id\" value=\"94421\"><input type=\"hidden\" name=\"page_id\" value=\"73974\"><input type=\"hidden\" name=\"form_type\" value=\"default\"><input type=\"hidden\" name=\"current_url\" value=\"https:\/\/cafecostume.com\/fr\/questions-frequemment-posees\/\"><input type=\"hidden\" name=\"render_id\" value=\"0\"><input type=\"hidden\" name=\"action\" value=\"forminator_submit_form_custom-forms\"><input type=\"hidden\" name=\"trp-form-language\" value=\"fr\"\/><\/form>\n<\/div><div class=\"empty-space empty-single\" ><span class=\"empty-space-inner\"><\/span><\/div>\n<\/div><\/div><\/div><\/div><\/div><script id=\"script-row-unique-2\" data-row=\"script-row-unique-2\" type=\"text\/javascript\" class=\"vc_controls\">UNCODE.initRow(document.getElementById(\"row-unique-2\"));<\/script><\/div><\/div><\/div><div data-parent=\"true\" class=\"vc_row row-container\" id=\"row-unique-3\"><div class=\"row penta-top-padding penta-bottom-padding single-h-padding limit-width row-parent\"><div class=\"wpb_row row-inner\"><div class=\"wpb_column pos-middle pos-center align_center column_parent col-lg-12 half-internal-gutter\"><div class=\"uncol style-light\"  ><div class=\"uncoltable\"><div class=\"uncell no-block-padding\" ><div class=\"uncont\" ><div class=\"vc_custom_heading_wrap\"><div class=\"heading-text el-text bottom-t-top animate_when_almost_visible\" ><h2 class=\"font-106330 fontsize-198324 font-weight-500 text-accent-color text-uppercase\" ><span>d\u00e9j\u00e0 membre de caf\u00e9 costume ?<\/span><\/h2><\/div><div class=\"clear\"><\/div><\/div><span class=\"btn-container\" ><a role=\"button\"  href=\"https:\/\/cafecostume.com\/fr\/nominations\/\" class=\"custom-link btn btn-custom-typo font-106330 font-weight-500 text-uppercase no-letterspace border-width-2 buttoncc btn-color-jevc btn-square btn-outline btn-icon-left\">prendre rendez-vous<\/a><\/span><\/div><\/div><\/div><\/div><\/div><script id=\"script-row-unique-3\" data-row=\"script-row-unique-3\" type=\"text\/javascript\" class=\"vc_controls\">UNCODE.initRow(document.getElementById(\"row-unique-3\"));<\/script><\/div><\/div><\/div>\n<\/div>","protected":false},"excerpt":{"rendered":"Foire aux questions Quel est le prix d'un costume ? Un costume 2 pi\u00e8ces est propos\u00e9 \u00e0 partir de 852 euros et un costume 3 pi\u00e8ces \u00e0 partir de 1066 euros. [...]","protected":false},"author":1,"featured_media":0,"parent":0,"menu_order":0,"comment_status":"closed","ping_status":"closed","template":"","meta":{"_improvement_type_select":"improve_an_existing","_thumb_yes_seoaic":false,"_frame_yes_seoaic":false,"seoaic_generate_description":"","seoaic_improve_instructions_prompt":"","seoaic_rollback_content_improvement":"","seoaic_idea_thumbnail_generator":"","thumbnail_generated":false,"thumbnail_generate_prompt":"","seoaic_article_description":"","wds_primary_page_category":0,"footnotes":""},"class_list":["post-73974","page","type-page","status-publish","hentry"],"_links":{"self":[{"href":"https:\/\/cafecostume.com\/fr\/wp-json\/wp\/v2\/pages\/73974","targetHints":{"allow":["GET"]}}],"collection":[{"href":"https:\/\/cafecostume.com\/fr\/wp-json\/wp\/v2\/pages"}],"about":[{"href":"https:\/\/cafecostume.com\/fr\/wp-json\/wp\/v2\/types\/page"}],"author":[{"embeddable":true,"href":"https:\/\/cafecostume.com\/fr\/wp-json\/wp\/v2\/users\/1"}],"replies":[{"embeddable":true,"href":"https:\/\/cafecostume.com\/fr\/wp-json\/wp\/v2\/comments?post=73974"}],"version-history":[{"count":3,"href":"https:\/\/cafecostume.com\/fr\/wp-json\/wp\/v2\/pages\/73974\/revisions"}],"predecessor-version":[{"id":114814,"href":"https:\/\/cafecostume.com\/fr\/wp-json\/wp\/v2\/pages\/73974\/revisions\/114814"}],"wp:attachment":[{"href":"https:\/\/cafecostume.com\/fr\/wp-json\/wp\/v2\/media?parent=73974"}],"curies":[{"name":"wp","href":"https:\/\/api.w.org\/{rel}","templated":true}]}}