{"id":85527,"date":"2021-02-01T13:59:28","date_gmt":"2021-02-01T13:59:28","guid":{"rendered":"https:\/\/cafecostume.com\/?page_id=85527"},"modified":"2025-08-21T10:56:48","modified_gmt":"2025-08-21T10:56:48","slug":"les-apports-en-bruxelles","status":"publish","type":"page","link":"https:\/\/cafecostume.com\/fr\/les-apports-en-bruxelles\/","title":{"rendered":"Galettes de Bruxelles"},"content":{"rendered":"<div class=\"wpb-content-wrapper\"><div data-parent=\"true\" class=\"vc_row row-container\" id=\"row-unique-0\"><div class=\"row limit-width row-parent\"><div class=\"wpb_row row-inner\"><div class=\"wpb_column pos-top pos-center align_center column_parent col-lg-12 single-internal-gutter\"><div class=\"uncol style-light\"  ><div class=\"uncoltable\"><div class=\"uncell\" ><div class=\"uncont no-block-padding col-custom-width\" style=\" max-width:70%;\" ><div class=\"vc_custom_heading_wrap\"><div class=\"heading-text el-text\" ><h2 class=\"font-219164 fontsize-155944 fontheight-161249 font-weight-500 text-color-jevc-color text-uppercase\" ><span>CHOISISSEZ VOTRE TAILLEUR<\/span><\/h2><\/div><div class=\"clear\"><\/div><\/div><div class=\"vc_custom_heading_wrap\"><div class=\"heading-text el-text\" ><h2 class=\"font-321633 fontsize-174716 font-weight-500 text-color-jevc-color\" ><span>Ce rendez-vous s'adresse aux clients qui souhaitent passer une commande. Si nous avons d\u00e9j\u00e0 pris vos mesures, nous n'avons pas forc\u00e9ment besoin de les reprendre, sauf si... .<\/p><\/span><span><p>&nbsp;<\/p><\/span><span><p>&nbsp;<\/p><\/span><span><p>Vous pouvez \u00e9galement appeler notre magasin pour prendre rendez-vous ; Caf\u00e9 Costume Bruxelles : 02 513 54 44.<\/span><\/h2><\/div><div class=\"clear\"><\/div><\/div><div class=\"empty-space empty-single\" ><span class=\"empty-space-inner\"><\/span><\/div>\n<\/div><\/div><\/div><\/div><\/div><script id=\"script-row-unique-0\" data-row=\"script-row-unique-0\" type=\"text\/javascript\" class=\"vc_controls\">UNCODE.initRow(document.getElementById(\"row-unique-0\"));<\/script><\/div><\/div><\/div><div data-parent=\"true\" class=\"vc_row row-container\" id=\"row-unique-1\"><div class=\"row unequal single-top-padding single-bottom-padding quad-h-padding full-width row-parent\"><div class=\"wpb_row row-inner\"><div class=\"wpb_column pos-top pos-center align_center column_parent col-lg-3 single-internal-gutter\"><div class=\"uncol style-light\"  ><div class=\"uncoltable\"><div class=\"uncell no-block-padding\" ><div class=\"uncont\" ><div class=\"empty-space empty-half desktop-hidden tablet-hidden\" ><span class=\"empty-space-inner\"><\/span><\/div>\n<div class=\"uncode-single-media  text-center\"><div class=\"single-wrapper\" style=\"max-width: 150px;\"><div class=\"tmb tmb-light  tmb-media-first tmb-media-last tmb-content-overlay tmb-no-bg\"><div class=\"t-inside\"><div class=\"t-entry-visual\"><div class=\"t-entry-visual-tc\"><div class=\"uncode-single-media-wrapper\"><img decoding=\"async\" class=\"wp-image-99563\" src=\"https:\/\/cafecostume.com\/wp-content\/uploads\/2022\/09\/CC-app-logo.png\" width=\"150\" height=\"150\" alt=\"\" srcset=\"https:\/\/cafecostume.com\/wp-content\/uploads\/2022\/09\/CC-app-logo.png 150w, https:\/\/cafecostume.com\/wp-content\/uploads\/2022\/09\/CC-app-logo-100x100.png 100w\" sizes=\"(max-width: 150px) 100vw, 150px\" \/><\/div>\n\t\t\t\t\t<\/div>\n\t\t\t\t<\/div><\/div><\/div><\/div><\/div><div class=\"vc_row row-internal row-container\"><div class=\"row row-child\"><div class=\"wpb_row row-inner\"><div class=\"wpb_column pos-top pos-center align_center column_child col-lg-12 single-internal-gutter\"><div class=\"uncol style-light\" ><div class=\"uncoltable\"><div class=\"uncell no-block-padding\" ><div class=\"uncont\" style=\" max-width:52%;\" ><div class=\"vc_custom_heading_wrap\"><div class=\"heading-text el-text\" ><h2 class=\"font-219164 fontsize-180096 font-weight-500 text-color-jevc-color text-uppercase\" ><span>Pas de pr\u00e9f\u00e9rence<\/span><\/h2><\/div><div class=\"clear\"><\/div><\/div><\/div><\/div><\/div><\/div><\/div><\/div><\/div><\/div><span class=\"btn-container\" ><a role=\"button\"  href=\"https:\/\/appointment.cafecostume.com\/calendar\/intake-brussels-45\" class=\"custom-link btn btn-custom-typo font-106330 font-weight-500 text-uppercase no-letterspace border-width-2 btn-default btn-square btn-outline btn-icon-left\">afficher les disponibilit\u00e9s<\/a><\/span><\/div><\/div><\/div><\/div><\/div><div class=\"wpb_column pos-top pos-center align_center column_parent col-lg-3 single-internal-gutter\"><div class=\"uncol style-light\"  ><div class=\"uncoltable\"><div class=\"uncell no-block-padding\" ><div class=\"uncont\" ><div class=\"empty-space empty-half desktop-hidden tablet-hidden\" ><span class=\"empty-space-inner\"><\/span><\/div>\n<div class=\"uncode-single-media  text-center\"><div class=\"single-wrapper\" style=\"max-width: 150px;\"><div class=\"tmb tmb-light  tmb-media-first tmb-media-last tmb-content-overlay tmb-no-bg\"><div class=\"t-inside\"><div class=\"t-entry-visual\"><div class=\"t-entry-visual-tc\"><div class=\"uncode-single-media-wrapper\"><img decoding=\"async\" class=\"wp-image-110513\" src=\"https:\/\/cafecostume.com\/wp-content\/uploads\/2024\/02\/Tess2024.png\" width=\"150\" height=\"150\" alt=\"\" srcset=\"https:\/\/cafecostume.com\/wp-content\/uploads\/2024\/02\/Tess2024.png 150w, https:\/\/cafecostume.com\/wp-content\/uploads\/2024\/02\/Tess2024-100x100.png 100w\" sizes=\"(max-width: 150px) 100vw, 150px\" \/><\/div>\n\t\t\t\t\t<\/div>\n\t\t\t\t<\/div><\/div><\/div><\/div><\/div><div class=\"vc_row row-internal row-container\"><div class=\"row row-child\"><div class=\"wpb_row row-inner\"><div class=\"wpb_column pos-top pos-center align_center column_child col-lg-12 single-internal-gutter\"><div class=\"uncol style-light\" ><div class=\"uncoltable\"><div class=\"uncell no-block-padding\" ><div class=\"uncont\" style=\" max-width:70%;\" ><div class=\"vc_custom_heading_wrap\"><div class=\"heading-text el-text\" ><h2 class=\"font-219164 fontsize-180096 font-weight-500 text-color-jevc-color text-uppercase\" ><span>Tess<\/span><\/h2><\/div><div class=\"clear\"><\/div><\/div><\/div><\/div><\/div><\/div><\/div><\/div><\/div><\/div><span class=\"btn-container\" ><a role=\"button\"  href=\"https:\/\/appointment.cafecostume.com\/calendar\/intake-brussels-45?employee_id=56\" class=\"custom-link btn btn-custom-typo font-106330 font-weight-500 text-uppercase no-letterspace border-width-2 btn-default btn-square btn-outline btn-icon-left\">afficher les disponibilit\u00e9s<\/a><\/span><\/div><\/div><\/div><\/div><\/div><div class=\"wpb_column pos-top pos-center align_center column_parent col-lg-3 single-internal-gutter\"><div class=\"uncol style-light\"  ><div class=\"uncoltable\"><div class=\"uncell no-block-padding\" ><div class=\"uncont\" ><div class=\"empty-space empty-half desktop-hidden tablet-hidden\" ><span class=\"empty-space-inner\"><\/span><\/div>\n<div class=\"uncode-single-media  text-center\"><div class=\"single-wrapper\" style=\"max-width: 150px;\"><a class=\"single-media-link\" href=\"https:\/\/appointment.cafecostume.com\/book\/e5aa23d4\"><div class=\"tmb tmb-light  tmb-media-first tmb-media-last tmb-content-overlay tmb-no-bg\"><div class=\"t-inside\"><div class=\"t-entry-visual\"><div class=\"t-entry-visual-tc\"><div class=\"uncode-single-media-wrapper\"><img decoding=\"async\" class=\"wp-image-107250\" src=\"https:\/\/cafecostume.com\/wp-content\/uploads\/2023\/06\/NELE-jun23.png\" width=\"1772\" height=\"1772\" alt=\"\" srcset=\"https:\/\/cafecostume.com\/wp-content\/uploads\/2023\/06\/NELE-jun23.png 1772w, https:\/\/cafecostume.com\/wp-content\/uploads\/2023\/06\/NELE-jun23-300x300.png 300w, https:\/\/cafecostume.com\/wp-content\/uploads\/2023\/06\/NELE-jun23-1024x1024.png 1024w, https:\/\/cafecostume.com\/wp-content\/uploads\/2023\/06\/NELE-jun23-150x150.png 150w, https:\/\/cafecostume.com\/wp-content\/uploads\/2023\/06\/NELE-jun23-768x768.png 768w, https:\/\/cafecostume.com\/wp-content\/uploads\/2023\/06\/NELE-jun23-1536x1536.png 1536w, https:\/\/cafecostume.com\/wp-content\/uploads\/2023\/06\/NELE-jun23-350x350.png 350w, https:\/\/cafecostume.com\/wp-content\/uploads\/2023\/06\/NELE-jun23-348x348.png 348w, https:\/\/cafecostume.com\/wp-content\/uploads\/2023\/06\/NELE-jun23-600x600.png 600w, https:\/\/cafecostume.com\/wp-content\/uploads\/2023\/06\/NELE-jun23-100x100.png 100w\" sizes=\"(max-width: 1772px) 100vw, 1772px\" \/><\/div>\n\t\t\t\t\t<\/div>\n\t\t\t\t<\/div><\/div><\/div><\/a><\/div><\/div><div class=\"vc_row row-internal row-container\"><div class=\"row row-child\"><div class=\"wpb_row row-inner\"><div class=\"wpb_column pos-top pos-center align_center column_child col-lg-12 single-internal-gutter\"><div class=\"uncol style-light\" ><div class=\"uncoltable\"><div class=\"uncell no-block-padding\" ><div class=\"uncont\" style=\" max-width:70%;\" ><div class=\"vc_custom_heading_wrap\"><div class=\"heading-text el-text\" ><h2 class=\"fontsize-180096 font-weight-500 text-color-jevc-color text-uppercase\" ><span>Nele<\/span><\/h2><\/div><div class=\"clear\"><\/div><\/div><\/div><\/div><\/div><\/div><\/div><\/div><\/div><\/div><span class=\"btn-container\" ><a role=\"button\"  href=\"https:\/\/appointment.cafecostume.com\/book\/e5aa23d4\" class=\"custom-link btn btn-custom-typo font-106330 font-weight-500 text-uppercase no-letterspace border-width-2 btn-default btn-square btn-outline btn-icon-left\">afficher les disponibilit\u00e9s<\/a><\/span><\/div><\/div><\/div><\/div><\/div><div class=\"wpb_column pos-top pos-center align_center column_parent col-lg-3 single-internal-gutter\"><div class=\"uncol style-light\"  ><div class=\"uncoltable\"><div class=\"uncell no-block-padding\" ><div class=\"uncont\" ><\/div><\/div><\/div><\/div><\/div><script id=\"script-row-unique-1\" data-row=\"script-row-unique-1\" type=\"text\/javascript\" class=\"vc_controls\">UNCODE.initRow(document.getElementById(\"row-unique-1\"));<\/script><\/div><\/div><\/div>\n<\/div>","protected":false},"excerpt":{"rendered":"CHOISIR SON TALONCe rendez-vous s'adresse aux clients qui souhaitent passer une commande. Si nous avons d\u00e9j\u00e0 pris vos mesures, nous [...]","protected":false},"author":207,"featured_media":0,"parent":0,"menu_order":0,"comment_status":"closed","ping_status":"closed","template":"","meta":{"_improvement_type_select":"improve_an_existing","_thumb_yes_seoaic":false,"_frame_yes_seoaic":false,"seoaic_generate_description":"","seoaic_improve_instructions_prompt":"","seoaic_rollback_content_improvement":"","seoaic_idea_thumbnail_generator":"","thumbnail_generated":false,"thumbnail_generate_prompt":"","seoaic_article_description":"","wds_primary_page_category":0,"footnotes":""},"class_list":["post-85527","page","type-page","status-publish","hentry"],"_links":{"self":[{"href":"https:\/\/cafecostume.com\/fr\/wp-json\/wp\/v2\/pages\/85527","targetHints":{"allow":["GET"]}}],"collection":[{"href":"https:\/\/cafecostume.com\/fr\/wp-json\/wp\/v2\/pages"}],"about":[{"href":"https:\/\/cafecostume.com\/fr\/wp-json\/wp\/v2\/types\/page"}],"author":[{"embeddable":true,"href":"https:\/\/cafecostume.com\/fr\/wp-json\/wp\/v2\/users\/207"}],"replies":[{"embeddable":true,"href":"https:\/\/cafecostume.com\/fr\/wp-json\/wp\/v2\/comments?post=85527"}],"version-history":[{"count":3,"href":"https:\/\/cafecostume.com\/fr\/wp-json\/wp\/v2\/pages\/85527\/revisions"}],"predecessor-version":[{"id":114666,"href":"https:\/\/cafecostume.com\/fr\/wp-json\/wp\/v2\/pages\/85527\/revisions\/114666"}],"wp:attachment":[{"href":"https:\/\/cafecostume.com\/fr\/wp-json\/wp\/v2\/media?parent=85527"}],"curies":[{"name":"wp","href":"https:\/\/api.w.org\/{rel}","templated":true}]}}