{"id":85562,"date":"2021-02-01T14:51:31","date_gmt":"2021-02-01T14:51:31","guid":{"rendered":"https:\/\/cafecostume.com\/?page_id=85562"},"modified":"2025-05-07T11:24:43","modified_gmt":"2025-05-07T11:24:43","slug":"prises-dixelles","status":"publish","type":"page","link":"https:\/\/cafecostume.com\/fr\/prises-dixelles\/","title":{"rendered":"Prises d'Ixelles"},"content":{"rendered":"<div class=\"wpb-content-wrapper\"><div data-parent=\"true\" class=\"vc_row row-container\" id=\"row-unique-0\"><div class=\"row limit-width row-parent\"><div class=\"wpb_row row-inner\"><div class=\"wpb_column pos-top pos-center align_center column_parent col-lg-12 single-internal-gutter\"><div class=\"uncol style-light\"  ><div class=\"uncoltable\"><div class=\"uncell\" ><div class=\"uncont no-block-padding col-custom-width\" style=\" max-width:70%;\" ><div class=\"vc_custom_heading_wrap\"><div class=\"heading-text el-text\" ><h2 class=\"font-219164 fontsize-155944 fontheight-161249 font-weight-500 text-color-jevc-color text-uppercase\" ><span>CHOISISSEZ VOTRE TAILLEUR<\/span><\/h2><\/div><div class=\"clear\"><\/div><\/div><div class=\"vc_custom_heading_wrap\"><div class=\"heading-text el-text\" ><h2 class=\"font-321633 fontsize-174716 font-weight-500 text-color-jevc-color\" ><span>Ce rendez-vous s'adresse aux clients qui souhaitent passer une commande. Si nous avons d\u00e9j\u00e0 pris vos mesures, nous n'avons pas forc\u00e9ment besoin de les reprendre, sauf si... .<\/p><\/span><span><p>&nbsp;<\/p><\/span><span><p>&nbsp;<\/p><\/span><span><p>Vous pouvez \u00e9galement appeler le magasin pour prendre rendez-vous ; Caf\u00e9 Costume Ixelles : 02 644 21 06<\/span><\/h2><\/div><div class=\"clear\"><\/div><\/div><div class=\"empty-space empty-single\" ><span class=\"empty-space-inner\"><\/span><\/div>\n<\/div><\/div><\/div><\/div><\/div><script id=\"script-row-unique-0\" data-row=\"script-row-unique-0\" type=\"text\/javascript\" class=\"vc_controls\">UNCODE.initRow(document.getElementById(\"row-unique-0\"));<\/script><\/div><\/div><\/div><div data-parent=\"true\" class=\"vc_row row-container\" id=\"row-unique-1\"><div class=\"row unequal single-top-padding single-bottom-padding quad-h-padding full-width row-parent\"><div class=\"wpb_row row-inner\"><div class=\"wpb_column pos-top pos-center align_center column_parent col-lg-3 single-internal-gutter\"><div class=\"uncol style-light\"  ><div class=\"uncoltable\"><div class=\"uncell no-block-padding\" ><div class=\"uncont\" ><div class=\"empty-space empty-half desktop-hidden tablet-hidden\" ><span class=\"empty-space-inner\"><\/span><\/div>\n<div class=\"uncode-single-media  text-center\"><div class=\"single-wrapper\" style=\"max-width: 150px;\"><div class=\"tmb tmb-light  tmb-media-first tmb-media-last tmb-content-overlay tmb-no-bg\"><div class=\"t-inside\"><div class=\"t-entry-visual\"><div class=\"t-entry-visual-tc\"><div class=\"uncode-single-media-wrapper\"><img decoding=\"async\" class=\"wp-image-99563\" src=\"https:\/\/cafecostume.com\/wp-content\/uploads\/2022\/09\/CC-app-logo.png\" width=\"150\" height=\"150\" alt=\"\" srcset=\"https:\/\/cafecostume.com\/wp-content\/uploads\/2022\/09\/CC-app-logo.png 150w, https:\/\/cafecostume.com\/wp-content\/uploads\/2022\/09\/CC-app-logo-100x100.png 100w\" sizes=\"(max-width: 150px) 100vw, 150px\" \/><\/div>\n\t\t\t\t\t<\/div>\n\t\t\t\t<\/div><\/div><\/div><\/div><\/div><div class=\"vc_row row-internal row-container\"><div class=\"row row-child\"><div class=\"wpb_row row-inner\"><div class=\"wpb_column pos-top pos-center align_center column_child col-lg-12 single-internal-gutter\"><div class=\"uncol style-light\" ><div class=\"uncoltable\"><div class=\"uncell no-block-padding\" ><div class=\"uncont\" style=\" max-width:52%;\" ><div class=\"vc_custom_heading_wrap\"><div class=\"heading-text el-text\" ><h2 class=\"font-219164 fontsize-180096 font-weight-500 text-color-jevc-color text-uppercase\" ><span>Pas de pr\u00e9f\u00e9rence<\/span><\/h2><\/div><div class=\"clear\"><\/div><\/div><\/div><\/div><\/div><\/div><\/div><\/div><\/div><\/div><span class=\"btn-container\" ><a role=\"button\"  href=\"https:\/\/appointment.cafecostume.com\/calendar\/intake-ixelles-43\" class=\"custom-link btn btn-custom-typo font-106330 font-weight-500 text-uppercase no-letterspace border-width-2 btn-default btn-square btn-outline btn-icon-left\">afficher les disponibilit\u00e9s<\/a><\/span><\/div><\/div><\/div><\/div><\/div><div class=\"wpb_column pos-top pos-center align_center column_parent col-lg-3 single-internal-gutter\"><div class=\"uncol style-light\"  ><div class=\"uncoltable\"><div class=\"uncell no-block-padding\" ><div class=\"uncont\" ><div class=\"empty-space empty-half desktop-hidden tablet-hidden\" ><span class=\"empty-space-inner\"><\/span><\/div>\n<div class=\"uncode-single-media  text-center\"><div class=\"single-wrapper\" style=\"max-width: 150px;\"><div class=\"tmb tmb-light  tmb-media-first tmb-media-last tmb-content-overlay tmb-no-bg\"><div class=\"t-inside\"><div class=\"t-entry-visual\"><div class=\"t-entry-visual-tc\"><div class=\"uncode-single-media-wrapper\"><img decoding=\"async\" class=\"wp-image-110515\" src=\"https:\/\/cafecostume.com\/wp-content\/uploads\/2024\/02\/Valerie2024.png\" width=\"150\" height=\"150\" alt=\"\" srcset=\"https:\/\/cafecostume.com\/wp-content\/uploads\/2024\/02\/Valerie2024.png 150w, https:\/\/cafecostume.com\/wp-content\/uploads\/2024\/02\/Valerie2024-100x100.png 100w\" sizes=\"(max-width: 150px) 100vw, 150px\" \/><\/div>\n\t\t\t\t\t<\/div>\n\t\t\t\t<\/div><\/div><\/div><\/div><\/div><div class=\"vc_row row-internal row-container\"><div class=\"row row-child\"><div class=\"wpb_row row-inner\"><div class=\"wpb_column pos-top pos-center align_center column_child col-lg-12 single-internal-gutter\"><div class=\"uncol style-light\" ><div class=\"uncoltable\"><div class=\"uncell no-block-padding\" ><div class=\"uncont\" style=\" max-width:70%;\" ><div class=\"vc_custom_heading_wrap\"><div class=\"heading-text el-text\" ><h2 class=\"font-219164 fontsize-180096 font-weight-500 text-color-jevc-color text-uppercase\" ><span>Val\u00e9rie<\/span><\/h2><\/div><div class=\"clear\"><\/div><\/div><\/div><\/div><\/div><\/div><\/div><\/div><\/div><\/div><span class=\"btn-container\" ><a role=\"button\"  href=\"https:\/\/appointment.cafecostume.com\/calendar\/intake-ixelles-43?employee_id=59\" class=\"custom-link btn btn-custom-typo font-106330 font-weight-500 text-uppercase no-letterspace border-width-2 btn-default btn-square btn-outline btn-icon-left\">afficher les disponibilit\u00e9s<\/a><\/span><\/div><\/div><\/div><\/div><\/div><div class=\"wpb_column pos-top pos-center align_center column_parent col-lg-3 single-internal-gutter\"><div class=\"uncol style-light\"  ><div class=\"uncoltable\"><div class=\"uncell no-block-padding\" ><div class=\"uncont\" ><div class=\"empty-space empty-half desktop-hidden tablet-hidden\" ><span class=\"empty-space-inner\"><\/span><\/div>\n<div class=\"uncode-single-media  text-center\"><div class=\"single-wrapper\" style=\"max-width: 150px;\"><div class=\"tmb tmb-light  tmb-media-first tmb-media-last tmb-content-overlay tmb-no-bg\"><div class=\"t-inside\"><div class=\"t-entry-visual\"><div class=\"t-entry-visual-tc\"><div class=\"uncode-single-media-wrapper\"><img decoding=\"async\" class=\"wp-image-110510\" src=\"https:\/\/cafecostume.com\/wp-content\/uploads\/2024\/02\/Remi2024.png\" width=\"150\" height=\"150\" alt=\"\" srcset=\"https:\/\/cafecostume.com\/wp-content\/uploads\/2024\/02\/Remi2024.png 150w, https:\/\/cafecostume.com\/wp-content\/uploads\/2024\/02\/Remi2024-100x100.png 100w\" sizes=\"(max-width: 150px) 100vw, 150px\" \/><\/div>\n\t\t\t\t\t<\/div>\n\t\t\t\t<\/div><\/div><\/div><\/div><\/div><div class=\"vc_row row-internal row-container\"><div class=\"row row-child\"><div class=\"wpb_row row-inner\"><div class=\"wpb_column pos-top pos-center align_center column_child col-lg-12 single-internal-gutter\"><div class=\"uncol style-light\" ><div class=\"uncoltable\"><div class=\"uncell no-block-padding\" ><div class=\"uncont\" style=\" max-width:52%;\" ><div class=\"vc_custom_heading_wrap\"><div class=\"heading-text el-text\" ><h2 class=\"fontsize-180096 font-weight-500 text-color-jevc-color text-uppercase\" ><span>R\u00c9MI<\/span><\/h2><\/div><div class=\"clear\"><\/div><\/div><\/div><\/div><\/div><\/div><\/div><\/div><\/div><\/div><span class=\"btn-container\" ><a role=\"button\"  href=\"https:\/\/appointment.cafecostume.com\/calendar\/intake-ixelles-43?filter_employee_ids=%5B85%5D\" class=\"custom-link btn btn-custom-typo font-106330 font-weight-500 text-uppercase no-letterspace border-width-2 btn-default btn-square btn-outline btn-icon-left\">afficher les disponibilit\u00e9s<\/a><\/span><\/div><\/div><\/div><\/div><\/div><div class=\"wpb_column pos-top pos-center align_center column_parent col-lg-3 single-internal-gutter\"><div class=\"uncol style-light\"  ><div class=\"uncoltable\"><div class=\"uncell no-block-padding\" ><div class=\"uncont\" ><div class=\"empty-space empty-half desktop-hidden tablet-hidden\" ><span class=\"empty-space-inner\"><\/span><\/div>\n<div class=\"uncode-single-media  text-center\"><div class=\"single-wrapper\" style=\"max-width: 150px;\"><div class=\"tmb tmb-light  tmb-media-first tmb-media-last tmb-content-overlay tmb-no-bg\"><div class=\"t-inside\"><div class=\"t-entry-visual\"><div class=\"t-entry-visual-tc\"><div class=\"uncode-single-media-wrapper\"><img decoding=\"async\" class=\"wp-image-113146\" src=\"https:\/\/cafecostume.com\/wp-content\/uploads\/2025\/02\/Caroline-web2025.png\" width=\"150\" height=\"150\" alt=\"\" srcset=\"https:\/\/cafecostume.com\/wp-content\/uploads\/2025\/02\/Caroline-web2025.png 150w, https:\/\/cafecostume.com\/wp-content\/uploads\/2025\/02\/Caroline-web2025-100x100.png 100w\" sizes=\"(max-width: 150px) 100vw, 150px\" \/><\/div>\n\t\t\t\t\t<\/div>\n\t\t\t\t<\/div><\/div><\/div><\/div><\/div><div class=\"vc_row row-internal row-container\"><div class=\"row row-child\"><div class=\"wpb_row row-inner\"><div class=\"wpb_column pos-top pos-center align_center column_child col-lg-12 single-internal-gutter\"><div class=\"uncol style-light\" ><div class=\"uncoltable\"><div class=\"uncell no-block-padding\" ><div class=\"uncont\" style=\" max-width:52%;\" ><div class=\"vc_custom_heading_wrap\"><div class=\"heading-text el-text\" ><h2 class=\"fontsize-180096 font-weight-500 text-color-jevc-color text-uppercase\" ><span>CAROLINE<\/span><\/h2><\/div><div class=\"clear\"><\/div><\/div><\/div><\/div><\/div><\/div><\/div><\/div><\/div><\/div><span class=\"btn-container\" ><a role=\"button\"  href=\"https:\/\/appointment.cafecostume.com\/appointment\/43?invite_token=c2ae8ba5-19a3-40d2-b541-6db2caccc4b9&filter_appointment_type_ids=%5B43%5D&filter_staff_user_ids=%5B194%5D\" class=\"custom-link btn btn-custom-typo font-106330 font-weight-500 text-uppercase no-letterspace border-width-2 btn-default btn-square btn-outline btn-icon-left\">afficher les disponibilit\u00e9s<\/a><\/span><\/div><\/div><\/div><\/div><\/div><script id=\"script-row-unique-1\" data-row=\"script-row-unique-1\" type=\"text\/javascript\" class=\"vc_controls\">UNCODE.initRow(document.getElementById(\"row-unique-1\"));<\/script><\/div><\/div><\/div>\n<\/div>","protected":false},"excerpt":{"rendered":"CHOISIR SON TALONCe rendez-vous s'adresse aux clients qui souhaitent passer une commande. Si nous avons d\u00e9j\u00e0 pris vos mesures, nous [...]","protected":false},"author":207,"featured_media":0,"parent":0,"menu_order":0,"comment_status":"closed","ping_status":"closed","template":"","meta":{"_improvement_type_select":"improve_an_existing","_thumb_yes_seoaic":false,"_frame_yes_seoaic":false,"seoaic_generate_description":"","seoaic_improve_instructions_prompt":"","seoaic_rollback_content_improvement":"","seoaic_idea_thumbnail_generator":"","thumbnail_generated":false,"thumbnail_generate_prompt":"","seoaic_article_description":"","wds_primary_page_category":0,"footnotes":""},"class_list":["post-85562","page","type-page","status-publish","hentry"],"_links":{"self":[{"href":"https:\/\/cafecostume.com\/fr\/wp-json\/wp\/v2\/pages\/85562","targetHints":{"allow":["GET"]}}],"collection":[{"href":"https:\/\/cafecostume.com\/fr\/wp-json\/wp\/v2\/pages"}],"about":[{"href":"https:\/\/cafecostume.com\/fr\/wp-json\/wp\/v2\/types\/page"}],"author":[{"embeddable":true,"href":"https:\/\/cafecostume.com\/fr\/wp-json\/wp\/v2\/users\/207"}],"replies":[{"embeddable":true,"href":"https:\/\/cafecostume.com\/fr\/wp-json\/wp\/v2\/comments?post=85562"}],"version-history":[{"count":4,"href":"https:\/\/cafecostume.com\/fr\/wp-json\/wp\/v2\/pages\/85562\/revisions"}],"predecessor-version":[{"id":113639,"href":"https:\/\/cafecostume.com\/fr\/wp-json\/wp\/v2\/pages\/85562\/revisions\/113639"}],"wp:attachment":[{"href":"https:\/\/cafecostume.com\/fr\/wp-json\/wp\/v2\/media?parent=85562"}],"curies":[{"name":"wp","href":"https:\/\/api.w.org\/{rel}","templated":true}]}}